{"id":7268,"date":"2020-09-04T13:51:49","date_gmt":"2020-09-04T12:51:49","guid":{"rendered":"https:\/\/www.ripess.eu\/ag-2020-documentation\/"},"modified":"2020-10-09T11:08:08","modified_gmt":"2020-10-09T09:08:08","slug":"ag-2020-documentation","status":"publish","type":"page","link":"https:\/\/dev.eu.ripess.rio20.net\/fr\/assemblees-generales\/9eme-assemblee-generale-2020\/ag-2020-documentation\/","title":{"rendered":"AG 2020 &#8211; Documentation"},"content":{"rendered":"\n<h2 class=\"wp-block-heading\">Documentation pour l&rsquo;AG 2020<\/h2>\n\n\n\n<ol class=\"wp-block-list\"><li><a href=\"https:\/\/europe.ripess.rio20.net\/wp-content\/uploads\/sites\/4\/2020\/09\/RIPESSEU-Orientations-Strategiques-2021-2023-revuJH-17-09.pdf\">RIPESSEU, Orientations Strategiques, 2021-2023 (v. 17-09-2020)<\/a><br><\/li><li><a rel=\"noreferrer noopener\" href=\"https:\/\/cloud.ripess.eu\/index.php\/apps\/onlyoffice\/134531?filePath=%2FPartages%2FAG-General_Assemblies%2F2020_Online_Sept%2FGA_docs%2FGA2019-Appel_candidature_comite_coordination_FR.docx\" target=\"_blank\">Comit\u00e9 de Coordination \u2013 Appel \u00e0 la candidature<\/a><br><\/li><li><a rel=\"noreferrer noopener\" href=\"https:\/\/cloud.ripess.eu\/index.php\/apps\/onlyoffice\/138675?filePath=%2FPartages%2FAG-General_Assemblies%2F2020_Online_Sept%2FGA_docs%2FRIPESS%20Europe%20appel%20adh%C3%A9sion%202020.docx\" target=\"_blank\">Appel \u00e0 adh\u00e9sion <\/a><br><\/li><li><a rel=\"noreferrer noopener\" href=\"https:\/\/cloud.ripess.eu\/index.php\/apps\/onlyoffice\/134530?filePath=%2FPartages%2FAG-General_Assemblies%2F2020_Online_Sept%2FGA_docs%2FGA2019-PROCURATION_FR.docx\" target=\"_blank\">Procuration <\/a><br><\/li><li><a href=\"https:\/\/europe.ripess.rio20.net\/wp-content\/uploads\/sites\/4\/2020\/09\/Bilan-dactivites-2019-FR-RIPESSEU.pdf\">Bilan d&rsquo;activit\u00e9s 2019<\/a><br><\/li><li><a href=\"https:\/\/europe.ripess.rio20.net\/wp-content\/uploads\/sites\/4\/2020\/09\/Rapport_Financier_2019_Ripess-eu-.pdf\">Rapport Financier 2019<\/a><\/li><\/ol>\n\n\n\n<p><\/p>\n","protected":false},"excerpt":{"rendered":"<p>Documentation pour l&rsquo;AG 2020 RIPESSEU, Orientations Strategiques, 2021-2023 (v. 17-09-2020) Comit\u00e9 de Coordination \u2013 Appel \u00e0 la candidature Appel \u00e0 adh\u00e9sion Procuration Bilan d&rsquo;activit\u00e9s 2019 Rapport Financier 2019<\/p>\n","protected":false},"author":1,"featured_media":0,"parent":7262,"menu_order":0,"comment_status":"closed","ping_status":"closed","template":"","meta":{"_et_pb_use_builder":"","_et_pb_old_content":"","_et_gb_content_width":"","footnotes":""},"class_list":["post-7268","page","type-page","status-publish","hentry"],"_links":{"self":[{"href":"https:\/\/dev.eu.ripess.rio20.net\/fr\/wp-json\/wp\/v2\/pages\/7268"}],"collection":[{"href":"https:\/\/dev.eu.ripess.rio20.net\/fr\/wp-json\/wp\/v2\/pages"}],"about":[{"href":"https:\/\/dev.eu.ripess.rio20.net\/fr\/wp-json\/wp\/v2\/types\/page"}],"author":[{"embeddable":true,"href":"https:\/\/dev.eu.ripess.rio20.net\/fr\/wp-json\/wp\/v2\/users\/1"}],"replies":[{"embeddable":true,"href":"https:\/\/dev.eu.ripess.rio20.net\/fr\/wp-json\/wp\/v2\/comments?post=7268"}],"version-history":[{"count":0,"href":"https:\/\/dev.eu.ripess.rio20.net\/fr\/wp-json\/wp\/v2\/pages\/7268\/revisions"}],"up":[{"embeddable":true,"href":"https:\/\/dev.eu.ripess.rio20.net\/fr\/wp-json\/wp\/v2\/pages\/7262"}],"wp:attachment":[{"href":"https:\/\/dev.eu.ripess.rio20.net\/fr\/wp-json\/wp\/v2\/media?parent=7268"}],"curies":[{"name":"wp","href":"https:\/\/api.w.org\/{rel}","templated":true}]}}