{"id":612,"date":"2014-05-29T10:07:54","date_gmt":"2014-05-29T08:07:54","guid":{"rendered":"http:\/\/ripess.eu\/?page_id=612"},"modified":"2023-11-21T14:34:56","modified_gmt":"2023-11-21T13:34:56","slug":"ressources","status":"publish","type":"page","link":"https:\/\/dev.eu.ripess.rio20.net\/fr\/ressources\/","title":{"rendered":"Ressources"},"content":{"rendered":"<p>[et_pb_section fb_built=\u00a0\u00bb1&Prime; admin_label=\u00a0\u00bbsection\u00a0\u00bb _builder_version=\u00a0\u00bb4.16&Prime; global_colors_info=\u00a0\u00bb{}\u00a0\u00bb][et_pb_row column_structure=\u00a0\u00bb1_3,1_3,1_3&Prime; _builder_version=\u00a0\u00bb4.23.1&Prime; _module_preset=\u00a0\u00bbdefault\u00a0\u00bb global_colors_info=\u00a0\u00bb{}\u00a0\u00bb][et_pb_column type=\u00a0\u00bb1_3&Prime; _builder_version=\u00a0\u00bb4.23.1&Prime; _module_preset=\u00a0\u00bbdefault\u00a0\u00bb global_colors_info=\u00a0\u00bb{}\u00a0\u00bb][et_pb_heading title=\u00a0\u00bbRipess Europe YouTube Channel\u00a0\u00bb _builder_version=\u00a0\u00bb4.23.1&Prime; _module_preset=\u00a0\u00bbdefault\u00a0\u00bb title_text_align=\u00a0\u00bbcenter\u00a0\u00bb global_colors_info=\u00a0\u00bb{}\u00a0\u00bb][\/et_pb_heading][et_pb_image src=\u00a0\u00bbhttps:\/\/ripess.eu\/wp-content\/uploads\/sites\/4\/2023\/11\/ripess-youtube-e1699946828588.png\u00a0\u00bb title_text=\u00a0\u00bbRipess youtube\u00a0\u00bb _builder_version=\u00a0\u00bb4.23.1&Prime; _module_preset=\u00a0\u00bbdefault\u00a0\u00bb global_colors_info=\u00a0\u00bb{}\u00a0\u00bb][\/et_pb_image][et_pb_text _builder_version=\u00a0\u00bb4.23.1&Prime; _module_preset=\u00a0\u00bbdefault\u00a0\u00bb global_colors_info=\u00a0\u00bb{}\u00a0\u00bb]<\/p>\n<p>Ripess Europe dispose d\u2019une cha\u00eene Youtube o\u00f9 les vid\u00e9os d\u2019interviews de ses membres et de webinaires sont publi\u00e9s.<\/p>\n<p>Pour voir les vid\u00e9os youtube cliquez <a href=\"https:\/\/www.youtube.com\/@ripesseurope8599\"><span style=\"color: #0000ff\">ici<\/span><br \/><\/a><\/p>\n<p>[\/et_pb_text][\/et_pb_column][et_pb_column type=\u00a0\u00bb1_3&Prime; _builder_version=\u00a0\u00bb4.23.1&Prime; _module_preset=\u00a0\u00bbdefault\u00a0\u00bb global_colors_info=\u00a0\u00bb{}\u00a0\u00bb][et_pb_heading title=\u00a0\u00bbSOCIOECO.ORG\u00a0\u00bb _builder_version=\u00a0\u00bb4.23.1&Prime; _module_preset=\u00a0\u00bbdefault\u00a0\u00bb title_text_align=\u00a0\u00bbcenter\u00a0\u00bb hover_enabled=\u00a0\u00bb0&Prime; global_colors_info=\u00a0\u00bb{}\u00a0\u00bb sticky_enabled=\u00a0\u00bb0&Prime;][\/et_pb_heading][et_pb_image src=\u00a0\u00bbhttps:\/\/ripess.eu\/wp-content\/uploads\/sites\/4\/2017\/10\/socioeco_res.png\u00a0\u00bb alt=\u00a0\u00bbSocio-\u00e9co\u00a0\u00bb title_text=\u00a0\u00bbsocioeco_res\u00a0\u00bb _builder_version=\u00a0\u00bb4.23.1&Prime; _module_preset=\u00a0\u00bbdefault\u00a0\u00bb global_colors_info=\u00a0\u00bb{}\u00a0\u00bb][\/et_pb_image][et_pb_text _builder_version=\u00a0\u00bb4.23.1&Prime; _module_preset=\u00a0\u00bbdefault\u00a0\u00bb global_colors_info=\u00a0\u00bb{}\u00a0\u00bb]<\/p>\n<p>Un centre de ressources sur l\u2019ESS en 5 langues principales et bien d\u2019autres \u2014 socioeco.org \u2014 avec des articles, des descriptions d\u2019initiatives, des politiques publiques, des l\u00e9gislations, des articles de m\u00e9dias alternatifs, des outils p\u00e9dagogiques, des th\u00e8ses, des cartographies, etc. Plus de 25 000 ressources disponibles.<\/p>\n<p>Pour visiter socioeco.org cliquez <a href=\"http:\/\/www.socioeco.org\/index_en.html\"><span style=\"color: #0000ff\">ici<\/span><br \/><\/a><\/p>\n<p>[\/et_pb_text][\/et_pb_column][et_pb_column type=\u00a0\u00bb1_3&Prime; _builder_version=\u00a0\u00bb4.23.1&Prime; _module_preset=\u00a0\u00bbdefault\u00a0\u00bb global_colors_info=\u00a0\u00bb{}\u00a0\u00bb][et_pb_heading title=\u00a0\u00bbSOLECOPEDIA\u00a0\u00bb _builder_version=\u00a0\u00bb4.23.1&Prime; _module_preset=\u00a0\u00bbdefault\u00a0\u00bb title_text_align=\u00a0\u00bbcenter\u00a0\u00bb global_colors_info=\u00a0\u00bb{}\u00a0\u00bb][\/et_pb_heading][et_pb_image src=\u00a0\u00bbhttps:\/\/ripess.eu\/wp-content\/uploads\/sites\/4\/2023\/11\/LOGO_154_SOLECOPEDIA_400x400-1-e1699974142751.jpg\u00a0\u00bb title_text=\u00a0\u00bbLOGO_154_SOLECOPEDIA_400x400&Prime; _builder_version=\u00a0\u00bb4.23.1&Prime; _module_preset=\u00a0\u00bbdefault\u00a0\u00bb global_colors_info=\u00a0\u00bb{}\u00a0\u00bb][\/et_pb_image][et_pb_text _builder_version=\u00a0\u00bb4.23.1&Prime; _module_preset=\u00a0\u00bbdefault\u00a0\u00bb global_colors_info=\u00a0\u00bb{}\u00a0\u00bb]<\/p>\n<p>Solecopedia est un wiki\/lexique sur l\u2019ESS qui a pour but de trouver des d\u00e9finitions et des exemples sur les diff\u00e9rentes th\u00e9matiques li\u00e9es \u00e0 l\u2019ESS.<\/p>\n<p>Pour parcourir Solecopedia, cliquez <a href=\"https:\/\/solecopedia.socioeco.org\"><span style=\"color: #0000ff\">ici<\/span><br \/><\/a>(principalement en anglais pour le moment)<\/p>\n<p>[\/et_pb_text][\/et_pb_column][\/et_pb_row][\/et_pb_section]<\/p>\n","protected":false},"excerpt":{"rendered":"<p>Ripess Europe dispose d\u2019une cha\u00eene Youtube o\u00f9 les vid\u00e9os d\u2019interviews de ses membres et de webinaires sont publi\u00e9s. Pour voir les vid\u00e9os youtube cliquez iciUn centre de ressources sur l\u2019ESS [&hellip;]<\/p>\n","protected":false},"author":27,"featured_media":0,"parent":0,"menu_order":0,"comment_status":"closed","ping_status":"closed","template":"","meta":{"_et_pb_use_builder":"on","_et_pb_old_content":"","_et_gb_content_width":"","footnotes":""},"class_list":["post-612","page","type-page","status-publish","hentry"],"_links":{"self":[{"href":"https:\/\/dev.eu.ripess.rio20.net\/fr\/wp-json\/wp\/v2\/pages\/612"}],"collection":[{"href":"https:\/\/dev.eu.ripess.rio20.net\/fr\/wp-json\/wp\/v2\/pages"}],"about":[{"href":"https:\/\/dev.eu.ripess.rio20.net\/fr\/wp-json\/wp\/v2\/types\/page"}],"author":[{"embeddable":true,"href":"https:\/\/dev.eu.ripess.rio20.net\/fr\/wp-json\/wp\/v2\/users\/27"}],"replies":[{"embeddable":true,"href":"https:\/\/dev.eu.ripess.rio20.net\/fr\/wp-json\/wp\/v2\/comments?post=612"}],"version-history":[{"count":0,"href":"https:\/\/dev.eu.ripess.rio20.net\/fr\/wp-json\/wp\/v2\/pages\/612\/revisions"}],"wp:attachment":[{"href":"https:\/\/dev.eu.ripess.rio20.net\/fr\/wp-json\/wp\/v2\/media?parent=612"}],"curies":[{"name":"wp","href":"https:\/\/api.w.org\/{rel}","templated":true}]}}