{"id":576,"date":"2014-05-28T15:26:21","date_gmt":"2014-05-28T13:26:21","guid":{"rendered":"http:\/\/ripess.eu\/?page_id=576"},"modified":"2022-04-11T10:57:02","modified_gmt":"2022-04-11T09:57:02","slug":"comite-de-coordination","status":"publish","type":"page","link":"https:\/\/dev.eu.ripess.rio20.net\/fr\/gouvernance\/comite-de-coordination\/","title":{"rendered":"Comit\u00e9 de Coordination"},"content":{"rendered":"<p>Le Comit\u00e9 de Coordination de RIPESS EU &#8211; Solidarity Economy Europe est compos\u00e9 de 7 \u00e0 15 membres \u00e9lus par l&rsquo;Assembl\u00e9e g\u00e9n\u00e9rale, avec un d\u00e9l\u00e9gu\u00e9 principale et un secondaire. Le mandat est de 3 ans; chaque ann\u00e9e, l&rsquo;Assembl\u00e9e G\u00e9n\u00e9rale r\u00e9\u00e9lit le tiers de ses composants. Les membres actuelles (apr\u00e8s l&rsquo;AG \u00e0 Lyon, Juillet 2019) sont:<\/p>\r\n<p><img loading=\"lazy\" decoding=\"async\" width=\"90\" height=\"90\" class=\"alignleft wp-image-5442\" src=\"https:\/\/europe.ripess.rio20.net\/wp-content\/uploads\/sites\/4\/2014\/05\/thumbnail_IMG_20160616_220537-90x90.jpg\" alt=\"\" \/><strong>Drazen Simlesa, coordinateur<\/strong><br \/>Il repr\u00e9sente Good Economy Platform &#8211; Croatie. N\u00e9e en 1976, il \u00e9duque encore aujourd&rsquo;hui deux enfants extraordinaires, Bjanka et Mikula. A l&rsquo;Universit\u00e9 de Philosophie, D\u00e9partement de Sociologie, il a termin\u00e9 ses \u00e9tudes de ma\u00eetrise et de doctorat. Travaille comme associ\u00e9 de recherche \u00e0 l&rsquo;Institut des Sciences Sociales Ivo Pilar \u00e0 Zagreb o\u00f9 il dirige un projet iPRESENT &#8211; Projet d&rsquo;installation pour la recherche sur l&rsquo;entrepreneuriat social financ\u00e9 par la Fondation croate des Sciences et le projet europ\u00e9en Interreg INNO-WISEs. Les principaux domaines de travail et d&rsquo;int\u00e9r\u00eat sont la mondialisation, la durabilit\u00e9, l&rsquo;\u00e9conomie et la permaculture. Dans ces domaines, il a \u00e9crit six livres et plusieurs articles scientifiques. Les derniers livres sont l&#8217;empreinte \u00e9cologique &#8211; comment le d\u00e9veloppement passe avant la durabilit\u00e9 et en 2016 la bonne \u00e9conomie. Il enseigne les \u00e9tudes sur la paix \u00e0 Zagreb et a donn\u00e9 de nombreuses conf\u00e9rences en Croatie. Il est un membre actif d&rsquo;initiatives et d&rsquo;organisations citoyennes et travaille comme b\u00e9n\u00e9vole au sein du Green Network of Activist Groups (GNAG) et comme pr\u00e9sident de Cooperative for Good Economy.<\/p>\r\n<div id=\"gt-res-content\" class=\"almost_half_cell\">\r\n<div><strong><span class=\"hps\"><a href=\"http:\/\/ripess.eu\/wp-content\/uploads\/2014\/05\/jason-nardi.jpg\"><img loading=\"lazy\" decoding=\"async\" width=\"90\" height=\"90\" class=\"alignleft wp-image-976\" src=\"https:\/\/europe.ripess.rio20.net\/wp-content\/uploads\/sites\/4\/2014\/05\/jason-nardi-90x90.jpg\" alt=\"jason-nardi\" srcset=\"https:\/\/dev.eu.ripess.rio20.net\/wp-content\/uploads\/sites\/4\/2014\/05\/jason-nardi-90x90.jpg 90w, https:\/\/dev.eu.ripess.rio20.net\/wp-content\/uploads\/sites\/4\/2014\/05\/jason-nardi.jpg 150w\" sizes=\"(max-width: 90px) 100vw, 90px\" \/><\/a>Jason<\/span> <span class=\"hps\">NARDI, d\u00e9l\u00e9gu\u00e9 g\u00e9n\u00e9ral<br \/><\/span><\/strong><\/div>\r\n<p dir=\"ltr\">Jason\u00a0repr\u00e9sente Solidarius Italia dans le RIPESS Europe. Un militant pour la justice sociale et les droits de communication, Jason est\u00a0formateur sur les questions de la\u00a0finance \u00e9thique, de l&rsquo;\u00e9conomie solidaire et du commerce \u00e9quitable.\u00a0Il travail avec plusieurs organisations et r\u00e9seaux, en particulier sur les themes de la participation active des citoyens, du\u00a0d\u00e9veloppement local, des biens communs et des r\u00e9seau des mouvements sociaux. \u00a0Il est un membre actif du Conseil international du Forum social mondial, coordinateur de la Coalition\u00a0Italien Social Watch. un organisateur pour Terra Futura, salon annuel sur la durabilit\u00e9 et les bonnes pratiques et il a cr\u00e9\u00e9 Zoes.org &#8211; le premier r\u00e9seau social italien pour l&rsquo;\u00e9conomie solidaire. Avec une formation sur la communication et les m\u00e9dias (Universit\u00e9 de Princeton, Etats-Unis et une degr\u00e9 de ma\u00eetrise sur la communication et les m\u00e9dias &#8211; science politique \u00e0 l&rsquo;Universit\u00e9 de Florence), il a \u00e9t\u00e9 directeur du centre italien de Oneworld.net &#8211; Unimondo (www.unimondo. org) et enseignant de\u00a0journalisme citoyen et vid\u00e9o participative avec la t\u00e9l\u00e9vision par satellite et Internet dans Arcoiris.tv. En tant que journaliste, il collabore \u00e0 plusieurs magazines et sites web de la soci\u00e9t\u00e9 civile italienne,\u00a0et\u00a0l&rsquo;un des promoteurs de la campagne d&rsquo;Italie pour une taxe sur les transactions financi\u00e8res.<\/p>\r\n<div>\u00a0<\/div>\r\n<\/div>\r\n<div>\u00a0<\/div>\r\n<div><strong><img loading=\"lazy\" decoding=\"async\" width=\"110\" height=\"147\" class=\"alignleft wp-image-21071 size-full\" src=\"https:\/\/ripess.eu\/wp-content\/uploads\/sites\/4\/2020\/10\/Josette-Combes.jpg\" alt=\"\" \/> Josette COMBES, Coordinatrice communications<\/strong><\/div>\r\n<p dir=\"ltr\">Josette repr\u00e9sente le r\u00e9seau MES dans RIPESS Europe. Titulaire d\u2019un DEA de sociolinguistique, a \u00e9t\u00e9 responsable d\u2019un programme national de d\u00e9veloppement de lieux petite enfance \u00e0 participation parentale dans les quartiers d\u2019habitat social (cr\u00e9ation ou restructuration de plus de 45 lieux dans l\u2019hexagone). De 1990 \u00e0 1998, elle a contribu\u00e9 au titre d\u2019expert aux travaux du Centre de Recherche sur l\u2019\u00e9ducation de l\u2019OCDE. \u00ab Programmes relatifs \u00e0 la coordination des services \u00e0 destination des enfants \u00e0 risque \u00bb. Install\u00e9e dans la r\u00e9gion Occitanie depuis 1994, elle a travaill\u00e9 comme consultante dans plusieurs organismes de la r\u00e9gion, intervenant sur les probl\u00e9matiques de rencontre des cultures, la m\u00e9thodologie de projet et le d\u00e9veloppement de l\u2019\u00e9conomie solidaire et a dirig\u00e9 des \u00e9tudes actions \/ \u00e9valuations pour plusieurs collectivit\u00e9s territoriales. De 2000 \u00e0 2012, comme Ma\u00eetre de Conf\u00e9rences associ\u00e9e, \u00e0 l\u2019Universit\u00e9 Toulouse 2, elle a enseign\u00e9 la m\u00e9thodologie de projets en \u00e9conomie sociale et solidaire et l\u2019\u00e9conomie du d\u00e9veloppement centr\u00e9 sur les initiatives des communaut\u00e9s de base. Administratrice du MES (Mouvement pour l\u2019Economie Solidaire, France) et du RIPESS Europe. Membre du Comit\u00e9 d&rsquo;Animation et de Gestion du R\u00e9seau Inter Universitaire de l\u2019ESS.<\/p>\r\n<div>\u00a0<\/div>\r\n<div>\u00a0<\/div>\r\n<div><strong><img loading=\"lazy\" decoding=\"async\" width=\"90\" height=\"90\" class=\"alignleft wp-image-3150\" src=\"https:\/\/europe.ripess.rio20.net\/wp-content\/uploads\/sites\/4\/2014\/05\/bruno_lasnier-90x90.jpg\" alt=\"Bruno Lasnier (Le MES)\" srcset=\"https:\/\/dev.eu.ripess.rio20.net\/wp-content\/uploads\/sites\/4\/2014\/05\/bruno_lasnier-90x90.jpg 90w, https:\/\/dev.eu.ripess.rio20.net\/wp-content\/uploads\/sites\/4\/2014\/05\/bruno_lasnier-288x290.jpg 288w\" sizes=\"(max-width: 90px) 100vw, 90px\" \/>Bruno Lasnier, tr\u00e9sorier<\/strong><\/div>\r\n<div>\r\n<p>N\u00e9 en 1960 \u00e0 Paris, Bruno Lasnier a \u00e9t\u00e9 salari\u00e9 de <a title=\"Pour visiter le site de M\u00e9decins Sans Fronti\u00e8res\" href=\"http:\/\/www.msf.fr\/\">M\u00e9decins Sans Fronti\u00e8res<\/a>\u00a0entre 1994 et 2002,\u00a0responsable \u00a0d&rsquo;un programme de r\u00e9duction des risques pour les usagers de drogues au sein de la\u00a0Mission France, puis \u00a0responsable du programme de r\u00e9habilitation sanitaire de la\u00a0Maison d&rsquo;arr\u00eat et\u00a0de correction d&rsquo;Abidjan en Cote d&rsquo;Ivoire. En janvier 2003, il devient directeur de l&rsquo;<a title=\"Pour visiter le site de l'APEAS\" href=\"http:\/\/www.apeas.fr\/\">Agence\u00a0Proven\u00e7ale pour une \u00c9conomie\u00a0Alternative et Solidaire (<abbr title=\"Agence proven\u00e7ale pour une \u00e9conomie alternative et solidaire\">APEAS<\/abbr>)<\/a>, association r\u00e9gionale de promotion et de\u00a0d\u00e9veloppement de l\u2019\u00e9conomie solidaire. En 2004 il devient\u00a0membre du\u00a0conseil d&rsquo;administration du mouvement national de l&rsquo;\u00e9conomie solidaire, <a title=\"Pour visiter le site du MES\" href=\"http:\/\/www.le-mes.org\/\">le <abbr title=\"Mouvement pour l'\u00e9conomie solidaire\">MES<\/abbr> <\/a>o\u00f9 il occupe la fonction de Pr\u00e9sident de 2008 \u00e0 2016. Il en devient le coordinateur g\u00e9n\u00e9ral national en 2017.Au cours des dix derni\u00e8res ann\u00e9es, il s&rsquo;est impliqu\u00e9 dans le conseil d&rsquo;administration de\u00a0diff\u00e9rentes structures de l&rsquo;<abbr title=\"\u00c9conomie sociale et solidaire\">ESS.<\/abbr><\/p>\r\n<\/div>\r\n<div>\r\n<p><a href=\"http:\/\/ripess.eu\/wp-content\/uploads\/2014\/05\/jpg\"><img loading=\"lazy\" decoding=\"async\" width=\"616\" height=\"599\" class=\"alignleft wp-image-878 size-thumbnail\" src=\"https:\/\/ripess.eu\/wp-content\/uploads\/sites\/4\/2014\/05\/jpg-90x90.\" alt=\"\" srcset=\"https:\/\/dev.eu.ripess.rio20.net\/wp-content\/uploads\/sites\/4\/2014\/05\/jpg-300x291. 300w, https:\/\/dev.eu.ripess.rio20.net\/wp-content\/uploads\/sites\/4\/2014\/05\/jpg 616w\" sizes=\"(max-width: 616px) 100vw, 616px\" \/><\/a> <strong>Eric LAVILLUNIERE<\/strong><strong> repr\u00e9sente INEES dans le RIPESS Europe<\/strong>. Il est titulaire d\u2019un Master \u00ab\u00a0Economie Sociale et D\u00e9veloppement local\u00a0\u00bb obtenu \u00e0 l\u2019Universit\u00e9 de Paris XIII en 1986, a d\u00e9but\u00e9 son engagement militant au d\u00e9but des ann\u00e9es 90 au R\u00e9seau d\u2019Economie Alternative et Solidaire (REAS en France, puis au MB2) \u2013 a anim\u00e9 un P\u00f4le d\u2019\u00e9conomie solidaire en Auvergne et accompagn\u00e9 le montage de plusieurs projets en agriculture biologique, commerce \u00e9quitable, culture, fili\u00e8re bois-\u00e9nergie \u2013 a travaill\u00e9 \u00e0 la CECOP (Conf\u00e9d\u00e9ration Europ\u00e9enne des Coop\u00e9ratives de Production) \u00e0 Bruxelles \u00e0 partir de 2001 principalement sur les th\u00e9matiques de Responsabilit\u00e9 Sociale des Entreprises, de l\u2019entreprise sociale et du rapport avec les mouvements sociaux notamment dans les Forums Sociaux Europ\u00e9ens. Il a rejoint INEES au Luxembourg d\u00e9but 2006 pour faire la promotion de l\u2019\u00e9conomie solidaire comme 3\u00e8me pilier \u00e9conomique entre \u00e9conomie priv\u00e9e et \u00e9conomie publique. Apr\u00e8s avoir organis\u00e9 les 4\u00e8mes rencontres intercontinentales de \u00ab\u00a0Globalisation de la Solidarit\u00e9\u00a0\u00bb en 2009 \u00e0 Schifflange, il a \u00e9t\u00e9 un des piliers de la fondation du RIPESS Europe en 2011. INEES a organis\u00e9 en 2010, avec l\u2019Universit\u00e9 du Luxembourg, les 10\u00e8mes rencontres du r\u00e9seau interuniversitaire RIUESS. Animateur d\u2019une dynamique europ\u00e9enne au sein du RIPESS, Eric Lavilluni\u00e8re a promu l\u2019\u00e9ducation populaire, ch\u00e8re au p\u00e9dagogue br\u00e9silien Paulo Freire, comme entr\u00e9e privil\u00e9gi\u00e9e des actions de formation bas\u00e9e sur la conscientisation et l\u2019\u00e9mancipation dans une approche globale et horizontale de la transmission et la construction des savoirs. Il est \u00e9galement tr\u00e8s engag\u00e9 au sein de Transition Minett\u2019 qui participe au mouvement des villes en transition.<\/p>\r\n<\/div>\r\n<p dir=\"ltr\"><img loading=\"lazy\" decoding=\"async\" width=\"90\" height=\"90\" class=\"alignleft wp-image-5440\" src=\"https:\/\/europe.ripess.rio20.net\/wp-content\/uploads\/sites\/4\/2014\/05\/Patricia-Coler-90x90.jpg\" alt=\"\" \/><\/p>\r\n<p dir=\"ltr\"><strong><br \/>Patricia COLER represents UFISC (Union f\u00e9d\u00e9rale d&rsquo;intervention des structures culturelles).<\/strong><br \/>Patricia est D\u00e9legu\u00e9e G\u00e9n\u00e9rale de UFISC et co-Pr\u00e9sident du MES &#8211; Mouvement de l&rsquo;Economie Solidaire, France.<\/p>\r\n<div>\u00a0<\/div>\r\n<div>\u00a0<\/div>\r\n<div>\r\n<p><img loading=\"lazy\" decoding=\"async\" width=\"300\" height=\"300\" class=\"alignleft wp-image-29425\" src=\"https:\/\/ripess.eu\/wp-content\/uploads\/sites\/4\/2022\/03\/Ruby.jpg\" alt=\"\" \/><\/p>\r\n<p><strong>Ruby Van Der WEKKEN<\/strong>\u00a0<strong>repr\u00e9sente<\/strong> <strong>URGENCI<\/strong>.<br \/>(under construction)<\/p>\r\n<\/div>\r\n<p>&nbsp;<\/p>\r\n<p>&nbsp;<\/p>\r\n<p>&nbsp;<\/p>\r\n<p>&nbsp;<\/p>\r\n<p><a href=\"http:\/\/ripess.eu\/wp-content\/uploads\/2014\/05\/img-berenice.jpg\"><img loading=\"lazy\" decoding=\"async\" width=\"90\" height=\"90\" class=\"alignleft wp-image-882\" src=\"https:\/\/europe.ripess.rio20.net\/wp-content\/uploads\/sites\/4\/2014\/05\/img-berenice-90x90.jpg\" alt=\"img berenice\" srcset=\"https:\/\/dev.eu.ripess.rio20.net\/wp-content\/uploads\/sites\/4\/2014\/05\/img-berenice-90x90.jpg 90w, https:\/\/dev.eu.ripess.rio20.net\/wp-content\/uploads\/sites\/4\/2014\/05\/img-berenice-297x300.jpg 297w, https:\/\/dev.eu.ripess.rio20.net\/wp-content\/uploads\/sites\/4\/2014\/05\/img-berenice.jpg 595w\" sizes=\"(max-width: 90px) 100vw, 90px\" \/><\/a><strong>B\u00e9r\u00e9nice DONDEYNE repr\u00e9sente MES Occitanie.<\/strong> <br \/>Elle est actuellement Directrice de NOVETAT\u2019, Institut de Recherche D\u00e9veloppement en Economie sociale et solidaire en Midi-Pyr\u00e9n\u00e9es (fond\u00e9s par des entreprises sociales et solidaires et des universitaire et Consultante dans les domaines du D\u00e9veloppement Local, de l\u2019Economie sociale et solidaire, et de l\u2019am\u00e9nagement du territoire. Depuis 2011, B\u00e9r\u00e9nice assure la pr\u00e9sidente d\u2019ADEPES, Agence de D\u00e9veloppement et de Promotion de l\u2019Economie Solidaire en Midi-Pyr\u00e9n\u00e9es (4 salari\u00e9s, un r\u00e9seau de 760 acteurs et entreprises sociales et solidaires). Professionnelle et militante, elle a une exp\u00e9rience au sein de collectivit\u00e9s locales mettant en \u0153uvre des politiques de d\u00e9veloppement local et d\u2019\u00e9conomie sociale et solidaire et pr\u00e9alablement au sein d\u2019organismes inscrits dans le champ de la formation professionnelle et de l\u2019inclusion sociale.<\/p>\r\n<p><img loading=\"lazy\" decoding=\"async\" width=\"90\" height=\"90\" class=\"alignleft wp-image-4640\" src=\"https:\/\/europe.ripess.rio20.net\/wp-content\/uploads\/sites\/4\/2018\/12\/jeanrossiaud-90x90.jpg\" alt=\"\" srcset=\"https:\/\/dev.eu.ripess.rio20.net\/wp-content\/uploads\/sites\/4\/2018\/12\/jeanrossiaud-90x90.jpg 90w, https:\/\/dev.eu.ripess.rio20.net\/wp-content\/uploads\/sites\/4\/2018\/12\/jeanrossiaud.jpg 225w\" sizes=\"(max-width: 90px) 100vw, 90px\" \/><strong>Jean ROSSIAUD<\/strong> repr\u00e9sente <strong>l&rsquo;APRES-GE<\/strong> (Chambre de l&rsquo;ESS de Gen\u00e8ve), ainsi que Monnaies Leman.<br \/>Jean est actif dans de nombreux domaines sociaux, du mouvement pacifiste \u00e0 son engagement politique pour l&rsquo;environnement.\u00a0 Coordinateur du Forum pour une nouvelle gouvernance mondiale, depuis avril 2013, Jean Rossiaud est devenu co-directeur, en mai 2015 avec Arnaud Blin (New York), du Forum d\u00e9mocratique mondial. Jean est titulaire de trois ma\u00eetrises en sciences politiques, droit et sociologie et d&rsquo;un doctorat en sciences \u00e9conomiques et sociales de l&rsquo;Universit\u00e9 de Gen\u00e8ve (2006). Il a \u00e9t\u00e9 assistant puis collaborateur du sociologue et homme politique suisse Jean Ziegler de 1988 \u00e0 1996.<\/p>\r\n<p><strong><img loading=\"lazy\" decoding=\"async\" width=\"90\" height=\"90\" class=\"alignleft wp-image-5596\" src=\"https:\/\/europe.ripess.rio20.net\/wp-content\/uploads\/sites\/4\/2019\/07\/Picture_Elena-90x90.jpg\" alt=\"Elena Tzamouranou DOCK Greece\" \/>Elena TZAMOURANOU repr\u00e9sente DOCK Zone (Gr\u00e8ce) <br \/><\/strong>Elle est n\u00e9e en 1979 et est titulaire d&rsquo;un dipl\u00f4me d&rsquo;ing\u00e9nieur du d\u00e9partement de g\u00e9nie m\u00e9canique et a\u00e9ronautique de l&rsquo;\u00e9cole polytechnique de Patras. Actuellement, elle est en train d&rsquo;achever sa ma\u00eetrise en gestion d&rsquo;entreprise responsable (Universit\u00e9 Steinbeis de Berlin). Son exp\u00e9rience professionnelle en gestion de projets, gestion de d\u00e9veloppement de produits et ing\u00e9nierie avant-vente a \u00e9t\u00e9 suivie d&rsquo;un d\u00e9veloppement commercial dans le domaine des t\u00e9l\u00e9communications. En ce qui concerne l&rsquo;ESS, elle est \u00e0 la recherche d&rsquo;alternatives commerciales depuis 2011 et a soutenu pendant 4 ans les petits producteurs en Gr\u00e8ce \u00e0 travers le r\u00e9seau coop\u00e9ratif Alternative Trade Network dont elle est co-fondatrice. Au cours des trois derni\u00e8res ann\u00e9es, elle a co-cr\u00e9\u00e9 la structure de soutien de SSE Dock, fait partie de l&rsquo;\u00e9quipe de direction et soutient les initiatives et les groupes pour qu&rsquo;ils deviennent des entreprises d&rsquo;ESS actives. Parall\u00e8lement, elle enseigne la \u00ab\u00a0gestion des petites entreprises\u00a0\u00bb et la \u00ab\u00a0durabilit\u00e9\u00a0\u00bb en tant qu&rsquo;\u00e9ducatrice professionnelle et est consultante technique et scientifique en mati\u00e8re de gestion, de responsabilit\u00e9 et de durabilit\u00e9.<\/p>\r\n<p><strong><img loading=\"lazy\" decoding=\"async\" width=\"90\" height=\"90\" class=\"alignleft wp-image-21033 size-thumbnail\" src=\"https:\/\/ripess.eu\/wp-content\/uploads\/sites\/4\/2020\/10\/Sofia-redpes-portugal-coco-member-90x90.jpg\" alt=\"\" srcset=\"https:\/\/dev.eu.ripess.rio20.net\/wp-content\/uploads\/sites\/4\/2020\/10\/Sofia-redpes-portugal-coco-member-90x90.jpg 90w, https:\/\/dev.eu.ripess.rio20.net\/wp-content\/uploads\/sites\/4\/2020\/10\/Sofia-redpes-portugal-coco-member-75x75.jpg 75w\" sizes=\"(max-width: 90px) 100vw, 90px\" \/> Sofia PEREIRA repr\u00e9sente REDPES (Portugal).<\/strong> Sofia Pereira est titulaire d&rsquo;un dipl\u00f4me de criminologie et d&rsquo;un master en \u00e9conomie sociale. Apr\u00e8s avoir effectu\u00e9 un stage \u00e0 la prison de Porto, elle a commenc\u00e9 \u00e0 travailler dans le secteur tertiaire. Actuellement, elle travaille \u00e0 l&rsquo;APDES &#8211; une ONG de d\u00e9veloppement bas\u00e9e \u00e0 Porto (Portugal). Elle coordonne le projet europ\u00e9en ESS VET 2 &#8211; Renforcer les comp\u00e9tences et les qualifications des formateurs en VET, qui vise \u00e0 promouvoir l&rsquo;\u00e9conomie sociale et solidaire en Europe, par la formation des enseignants dans ce domaine th\u00e9matique.<\/p>\r\n<p><strong><a href=\"https:\/\/europe.ripess.rio20.net\/wp-content\/uploads\/sites\/4\/2014\/05\/FOT549.jpg\"><img loading=\"lazy\" decoding=\"async\" width=\"90\" height=\"90\" class=\"alignleft wp-image-2075\" src=\"https:\/\/europe.ripess.rio20.net\/wp-content\/uploads\/sites\/4\/2014\/05\/FOT549-90x90.jpg\" alt=\"Laura Aufrere\" \/><\/a>Laura AUFRERE\u00a0 est pr\u00e9sente en tant qu&rsquo;expert au Comit\u00e9 de Coordination du RIPESS EU. <\/strong>Laura a \u00e9tudi\u00e9 les sciences politiques et \u00e0 travaill\u00e9 pendant dix dans le secteur culturel, dont cinq ans en tant que coordinatrice de l&rsquo;union repr\u00e9sentant, en France, les initiatives de spectacle vivant\/enregistr\u00e9 et des arts visuels se reconnaissant de l&rsquo;\u00e9conomie sociale et solidaire (UFISC). Elle est maintenant doctorante (CEPN &#8211; Paris 13), et travaille sur les dynamiques d&rsquo;\u00e9conomie sociale et solidaire et des communs dans le secteur culturel (collectifs et initiatives en communs, processus de coop\u00e9ration, gouvernance, protection sociale, mod\u00e8les sociaux de solidarit\u00e9, mod\u00e8les \u00e9conomiques, etc).<\/p>\r\n\r\n<div class=\"wp-block-image\">\r\n<figure class=\"alignleft size-large is-resized\"><img loading=\"lazy\" decoding=\"async\" width=\"90\" height=\"90\" class=\"alignnone wp-image-5610 size-thumbnail\" src=\"https:\/\/ripess.eu\/wp-content\/uploads\/sites\/4\/2019\/08\/Olivia_Mailfert-90x90.jpg\" alt=\"\" \/><\/figure>\r\n<\/div>\r\n\r\n\r\n\r\n<p><strong>Olivia MAILFERT repr\u00e9sente APES HDF (France) au RIPESS EU.<\/strong><\/p>\r\n\r\n\r\n\r\n<p>Olivia est charg\u00e9e de programme et chef de projet au sein de l&rsquo;APES HDF, l&rsquo;Association pour la promotion de l&rsquo;\u00e9conomie solidaire bas\u00e9e \u00e0 Lille.<\/p>\r\n","protected":false},"excerpt":{"rendered":"<p>Le Comit\u00e9 de Coordination de RIPESS EU &#8211; Solidarity Economy Europe est compos\u00e9 de 7 \u00e0 15 membres \u00e9lus par l&rsquo;Assembl\u00e9e g\u00e9n\u00e9rale, avec un d\u00e9l\u00e9gu\u00e9 principale et un secondaire. Le [&hellip;]<\/p>\n","protected":false},"author":4,"featured_media":26352,"parent":570,"menu_order":0,"comment_status":"closed","ping_status":"closed","template":"","meta":{"_et_pb_use_builder":"","_et_pb_old_content":"","_et_gb_content_width":"","footnotes":""},"class_list":["post-576","page","type-page","status-publish","has-post-thumbnail","hentry"],"_links":{"self":[{"href":"https:\/\/dev.eu.ripess.rio20.net\/fr\/wp-json\/wp\/v2\/pages\/576"}],"collection":[{"href":"https:\/\/dev.eu.ripess.rio20.net\/fr\/wp-json\/wp\/v2\/pages"}],"about":[{"href":"https:\/\/dev.eu.ripess.rio20.net\/fr\/wp-json\/wp\/v2\/types\/page"}],"author":[{"embeddable":true,"href":"https:\/\/dev.eu.ripess.rio20.net\/fr\/wp-json\/wp\/v2\/users\/4"}],"replies":[{"embeddable":true,"href":"https:\/\/dev.eu.ripess.rio20.net\/fr\/wp-json\/wp\/v2\/comments?post=576"}],"version-history":[{"count":0,"href":"https:\/\/dev.eu.ripess.rio20.net\/fr\/wp-json\/wp\/v2\/pages\/576\/revisions"}],"up":[{"embeddable":true,"href":"https:\/\/dev.eu.ripess.rio20.net\/fr\/wp-json\/wp\/v2\/pages\/570"}],"wp:featuredmedia":[{"embeddable":true,"href":"https:\/\/dev.eu.ripess.rio20.net\/fr\/wp-json\/wp\/v2\/media\/26352"}],"wp:attachment":[{"href":"https:\/\/dev.eu.ripess.rio20.net\/fr\/wp-json\/wp\/v2\/media?parent=576"}],"curies":[{"name":"wp","href":"https:\/\/api.w.org\/{rel}","templated":true}]}}