{"id":570,"date":"2014-05-28T15:24:59","date_gmt":"2014-05-28T13:24:59","guid":{"rendered":"http:\/\/ripess.eu\/?page_id=570"},"modified":"2023-11-03T11:26:16","modified_gmt":"2023-11-03T10:26:16","slug":"gouvernance","status":"publish","type":"page","link":"https:\/\/dev.eu.ripess.rio20.net\/fr\/gouvernance\/","title":{"rendered":"Gouvernance"},"content":{"rendered":"<p>RIPESS EU &#8211; Solidarity Economy Europe est une association sans but lucratif l\u00e9galement enregistr\u00e9e au Luxembourg. Ses membres sont des <a href=\"https:\/\/ripess.eu\/fr\/le-reseau-2\/\"><span style=\"color: #0000ff\">organisations et des r\u00e9seaux d&rsquo;organisations<\/span><\/a> pr\u00e9sentes dans toute l&rsquo;Europe. RIPESS EU\u00a0fait partie du <a href=\"http:\/\/www.ripess.org\" target=\"_blank\" rel=\"noopener\">R\u00e9seau Intercontinental RIPESS<\/a>, qui est enregistr\u00e9 au Qu\u00e9bec.<\/p>\n<p>Dans cette section vous pouvez trouver les informations sur :<\/p>\n<ul>\n<li>Le <a href=\"https:\/\/ripess.eu\/fr\/gouvernance\/comite-de-coordination\/\"><span style=\"color: #0000ff\"><strong>Comit\u00e9 de Coordination<\/strong><\/span><\/a><\/li>\n<li>Le<a href=\"https:\/\/ripess.eu\/fr\/gouvernance\/comite-scientifique\/\"><span style=\"color: #0000ff\"><strong> Comit\u00e9 scientifique<\/strong><\/span><\/a><\/li>\n<li><a href=\"https:\/\/ripess.eu\/fr\/gouvernance\/conseil-du-ripess-international\/\"><span style=\"color: #0000ff\">Le\u00a0<strong>Conseil de RIPESS Intercontinental<\/strong><\/span><\/a><\/li>\n<li>Les <a href=\"https:\/\/ripess.eu\/fr\/gouvernance\/regles-et-reglements\/\"><span style=\"color: #0000ff\"><strong>r\u00e8gles et r\u00e8glements<\/strong><\/span><\/a><\/li>\n<li><a href=\"https:\/\/ripess.eu\/fr\/gouvernance\/statuts\/\"><span style=\"color: #0000ff\"><span style=\"color: #000000\">Les<\/span><strong> statuts de l&rsquo;association<\/strong><\/span><\/a><\/li>\n<li><a href=\"https:\/\/ripess.eu\/fr\/gouvernance\/devenir-un-membre\/\"><span style=\"color: #0000ff\"><strong>Comment devenir membre<\/strong><\/span><\/a><\/li>\n<\/ul>\n","protected":false},"excerpt":{"rendered":"<p>RIPESS EU &#8211; Solidarity Economy Europe est une association sans but lucratif l\u00e9galement enregistr\u00e9e au Luxembourg. Ses membres sont des organisations et des r\u00e9seaux d&rsquo;organisations pr\u00e9sentes dans toute l&rsquo;Europe. RIPESS [&hellip;]<\/p>\n","protected":false},"author":27,"featured_media":0,"parent":0,"menu_order":0,"comment_status":"closed","ping_status":"closed","template":"","meta":{"_et_pb_use_builder":"","_et_pb_old_content":"","_et_gb_content_width":"","footnotes":""},"class_list":["post-570","page","type-page","status-publish","hentry"],"_links":{"self":[{"href":"https:\/\/dev.eu.ripess.rio20.net\/fr\/wp-json\/wp\/v2\/pages\/570"}],"collection":[{"href":"https:\/\/dev.eu.ripess.rio20.net\/fr\/wp-json\/wp\/v2\/pages"}],"about":[{"href":"https:\/\/dev.eu.ripess.rio20.net\/fr\/wp-json\/wp\/v2\/types\/page"}],"author":[{"embeddable":true,"href":"https:\/\/dev.eu.ripess.rio20.net\/fr\/wp-json\/wp\/v2\/users\/27"}],"replies":[{"embeddable":true,"href":"https:\/\/dev.eu.ripess.rio20.net\/fr\/wp-json\/wp\/v2\/comments?post=570"}],"version-history":[{"count":0,"href":"https:\/\/dev.eu.ripess.rio20.net\/fr\/wp-json\/wp\/v2\/pages\/570\/revisions"}],"wp:attachment":[{"href":"https:\/\/dev.eu.ripess.rio20.net\/fr\/wp-json\/wp\/v2\/media?parent=570"}],"curies":[{"name":"wp","href":"https:\/\/api.w.org\/{rel}","templated":true}]}}