{"id":530,"date":"2014-05-27T12:20:39","date_gmt":"2014-05-27T11:20:39","guid":{"rendered":"http:\/\/ripess.eu\/?page_id=530"},"modified":"2021-08-24T10:20:56","modified_gmt":"2021-08-24T09:20:56","slug":"activites","status":"publish","type":"page","link":"https:\/\/dev.eu.ripess.rio20.net\/fr\/activites\/","title":{"rendered":"Activit\u00e9s"},"content":{"rendered":"<p>En tant que r\u00e9seau d&rsquo;organisations et de r\u00e9seaux, les activit\u00e9s du RIPESS Europe ont pour but d&rsquo;aider toutes les formes de collaboration, de soutien mutuel, d&rsquo;\u00e9change de connaissances et de plaidoyer commun avec et par ses membres.<\/p>\n<p>En particulier, les principaux domaines d&rsquo;action s&rsquo;articulent autour de :<\/p>\n<ul>\n<li>Les projets collaboratifs<\/li>\n<li>\u00c9tudes et partage de connaissances sur des secteurs et des th\u00e8mes tels que l&rsquo;agro\u00e9cologie, le commerce \u00e9quitable, le tourisme solidaire, la coop\u00e9ration territoriale, les biens communs, l&rsquo;\u00e9co-f\u00e9minisme, les politiques publiques, la finance \u00e9thique, les plaftorms coop\u00e9ratives, etc.<\/li>\n<li>Cartographie des acteurs et des pratiques de l&rsquo;ESS en Europe<\/li>\n<li>Campagnes et convergences<\/li>\n<li>Communication<\/li>\n<li>\u00c9v\u00e9nements de mise en r\u00e9seau<\/li>\n<li>Recherche et \u00e9ducation (acad\u00e9mie, formation, webinaires&#8230;)<\/li>\n<\/ul>\n","protected":false},"excerpt":{"rendered":"<p>En tant que r\u00e9seau d&rsquo;organisations et de r\u00e9seaux, les activit\u00e9s du RIPESS Europe ont pour but d&rsquo;aider toutes les formes de collaboration, de soutien mutuel, d&rsquo;\u00e9change de connaissances et de [&hellip;]<\/p>\n","protected":false},"author":1,"featured_media":0,"parent":0,"menu_order":0,"comment_status":"closed","ping_status":"closed","template":"","meta":{"_et_pb_use_builder":"","_et_pb_old_content":"","_et_gb_content_width":"","footnotes":""},"class_list":["post-530","page","type-page","status-publish","hentry"],"_links":{"self":[{"href":"https:\/\/dev.eu.ripess.rio20.net\/fr\/wp-json\/wp\/v2\/pages\/530"}],"collection":[{"href":"https:\/\/dev.eu.ripess.rio20.net\/fr\/wp-json\/wp\/v2\/pages"}],"about":[{"href":"https:\/\/dev.eu.ripess.rio20.net\/fr\/wp-json\/wp\/v2\/types\/page"}],"author":[{"embeddable":true,"href":"https:\/\/dev.eu.ripess.rio20.net\/fr\/wp-json\/wp\/v2\/users\/1"}],"replies":[{"embeddable":true,"href":"https:\/\/dev.eu.ripess.rio20.net\/fr\/wp-json\/wp\/v2\/comments?post=530"}],"version-history":[{"count":0,"href":"https:\/\/dev.eu.ripess.rio20.net\/fr\/wp-json\/wp\/v2\/pages\/530\/revisions"}],"wp:attachment":[{"href":"https:\/\/dev.eu.ripess.rio20.net\/fr\/wp-json\/wp\/v2\/media?parent=530"}],"curies":[{"name":"wp","href":"https:\/\/api.w.org\/{rel}","templated":true}]}}