{"id":517,"date":"2014-05-27T11:07:48","date_gmt":"2014-05-27T09:07:48","guid":{"rendered":"http:\/\/ripess.eu\/?page_id=517"},"modified":"2023-11-03T10:40:31","modified_gmt":"2023-11-03T09:40:31","slug":"presentation","status":"publish","type":"page","link":"https:\/\/dev.eu.ripess.rio20.net\/fr\/presentation\/","title":{"rendered":"Qui sommes-nous"},"content":{"rendered":"<div class=\"csc-header csc-header-n1\">\n<h1 class=\"csc-firstHeader\">RIPESS Europe<\/h1>\n<\/div>\n<p><strong>Historique succinct<\/strong><\/p>\n<p><strong>Le R\u00e9seau Intercontinental de Promotion de l\u2019\u00c9conomie Sociale Solidaire<\/strong>\u00a0est un r\u00e9seau constitu\u00e9 d\u2019une repr\u00e9sentation par continents. <strong>Il <\/strong><strong>rassemble les re<\/strong><strong>groupements continentaux d\u2019acteurs et de r\u00e9seaux, souhaitant construire \u00e0 partir de leurs exp\u00e9riences socio-\u00e9conomiques de terrain, une vision partag\u00e9e de l\u2019ESS\u00a0: un mod\u00e8le politique et d\u00e9mocratique garant des droits humains fondamentaux et\u00a0\u00a0un espace de t<\/strong><strong>ransformation sociale, \u00e9conomique\u00a0 et \u00e9cologique<\/strong><strong>.<\/strong><\/p>\n<p><strong>Le RIPESS Europe \u2013 Economy Solidarity Europe<\/strong>\u00a0 est n\u00e9 gr\u00e2ce \u00e0 la synergie produite par les rencontres de la Globalisation de la Solidarit\u00e9\u00a0 organis\u00e9es par le r\u00e9seau intercontinental RIPESS Intercontinental dont la premi\u00e8re eut lieu \u00e0 Lima en 1997. Le 4\u00e8me Forum international de \u00abGlobalisation de la Solidarit\u00e9 \u00bb Lux\u201909 qui s\u2019est d\u00e9roul\u00e9 \u00e0 Schifflange en Avril 2009 a permis de lancer une dynamique en instaurant de la confiance et de l\u2019inter connaissance entre r\u00e9seaux de l\u2019\u00e9conomie sociale et solidaire (ESS) aux niveaux continental et international. Au cours de cette rencontre, Eric Lavilluni\u00e8re (INEES) et Christine Gent (WFTO) ont entam\u00e9 la structuration d\u2019une plateforme europ\u00e9enne du RIPESS.<\/p>\n<p>Et c\u2019est en 2011 \u00e0 Barcelone, qu\u2019est n\u00e9 le RIPESS Europe avec la participation des repr\u00e9sentants\u00a0 de Belgique, Catalogne, France, Espagne, Hongrie, Italie, Luxembourg, Portugal, Roumanie, et de l\u2019Allemagne.<\/p>\n<p><strong>Vision<\/strong><\/p>\n<p><strong>Construction du r\u00e9seau : RIPESS Europe \u2013 Solidarity Economy Europe<\/strong><\/p>\n<p>RIPESS utilise le terme \u00e9conomie\u00a0sociale solidaire (ESS) pour englober \u00e0 la fois l\u2019\u00e9conomie solidaire et la vision historique de l\u2019\u00e9conomie sociale. La d\u00e9finition du cadre de l\u2019\u00e9conomie sociale solidaire est un processus long et continu.<\/p>\n<p>Les r\u00e9alit\u00e9s politiques, culturelles et historiques sur chaque continent et dans diff\u00e9rents pays, r\u00e9clament une approche souple de la terminologie, afin de permettre la prise en compte des contextes locaux.<\/p>\n<p><strong>Pour les membres du RIPESS Europe, l\u2019\u00e9conomie solidaire constitue un socle qui englobe les dimensions suivantes :<\/strong>\u00a0\u00a0l\u2019\u00e9conomie participative citoyenne, la d\u00e9mocratie au travail, la justice sociale, la souverainet\u00e9 alimentaire, le respect des droits humains, notamment des minorit\u00e9s, l\u2019\u00e9galit\u00e9 entre femmes et hommes et toutes orientations de genre, et enfin la vigilance \u00e9cologique et environnementale. L\u2019\u00e9conomie solidaire est consid\u00e9r\u00e9e comme l\u2019\u00e9conomie du futur.<\/p>\n<p>Le r\u00e9seau du RIPESS Europe relie les organisations d\u2019\u00e9conomie sociale et les r\u00e9seaux d\u2019\u00e9conomie solidaire qui partagent ces valeurs et comprend des organisations territoriales et des r\u00e9seaux sectoriels.<\/p>\n<p><strong>Objectifs<\/strong><\/p>\n<p><strong>RIPESS Europe \u2013 Economy Solidarity Europe a pour but de relier praticiens et praticiennes, th\u00e9oriciens et th\u00e9oriciennes et responsables politiques de l\u2019\u00e9conomie solidaire pour promouvoir et d\u00e9velopper l\u2019ESS gr\u00e2ce aux <\/strong>\u00e9changes de pratiques et l\u2019engagement dans des actions communes.<\/p>\n<p>Le r\u00e9seau vise \u00e0 promouvoir d\u2019autres modes de production, de consommation, d\u2019\u00e9pargne et d\u2019\u00e9change pour la construction de r\u00e9gulations \u00e9conomiques plus justes et d\u2019un d\u00e9veloppement plus solidaire.<\/p>\n<p>Le RIPESS organise une r\u00e9union annuelle d\u00e9di\u00e9e \u00e0 la revue de sa strat\u00e9gie qui est fix\u00e9e tous les trois ans et \u00e9volue en fonction du contexte europ\u00e9en et international.<\/p>\n<p>Les objectifs peuvent se r\u00e9sumer selon trois cat\u00e9gories\u00a0:<\/p>\n<p><strong>1.Promouvoir les \u00e9cosyst\u00e8mes territoriaux et l\u2019appui \u00e0 l\u2019\u00e9mergence de nouveaux r\u00e9seaux en organisant leur inter-coop\u00e9ration \u00e9conomique.<\/strong><\/p>\n<p>1.1 Soutenir la cartographie des initiatives pour permettre aux membres de mieux se conna\u00eetre; \u00e9changer des biens, des services, des comp\u00e9tences; et valoriser leurs activit\u00e9s et favoriser leur essaimage;<\/p>\n<p>1.2 Am\u00e9liorer de fa\u00e7on continue les outils de communication en utilisant et en proposant des outils num\u00e9riques collaboratifs;<\/p>\n<p>1.3 Renforcer la recherche en lien avec le Comit\u00e9 scientifique (voir gouvernance);<\/p>\n<p><strong>2.Poursuivre l\u2019effort de d\u00e9veloppement et de reconnaissance de l\u2019\u00e9conomie solidaire en co-construction avec les acteurs et actrices des politiques publiques<\/strong><\/p>\n<p>2.1 Susciter l\u2019implication des membres dans leurs contextes pour co-construire les politiques publiques et des outils d\u2019\u00e9valuation pertinents bas\u00e9s sur l\u2019\u00e9laboration collective et la participation des acteurs;<\/p>\n<p>2.2 Syst\u00e9matiser la collecte de ce que chaque pays met en place en lien avec les acteurs pour favoriser le d\u00e9veloppement de l\u2019ESS;<\/p>\n<p>2.3 Organiser une veille technologique sur les mouvements des instances politiques et intervenir chaque fois que n\u00e9cessaire en d\u00e9fense des int\u00e9r\u00eats des acteurs et actrices de l\u2019ESS en publiant des articles et \/ ou en interpellant les responsables politiques;.<\/p>\n<p>2.4 S\u2019associer aux r\u00e9seaux et aux centres de recherche europ\u00e9ens pour une d\u00e9fense collective de l\u2019ESS;<\/p>\n<p>2.5 D\u00e9velopper la coop\u00e9ration territoriale dans la perspective des \u00e9cosyst\u00e8mes de l\u2019\u00e9conomie solidaire;<\/p>\n<p>2.6 Renforcer les liens avec la presse alternative et autres m\u00e9dias;<\/p>\n<p><strong>3.La cr\u00e9ation et le renforcement d\u2019alliances<\/strong><\/p>\n<p>3.1 Associer la tenue de l\u2019Assembl\u00e9e G\u00e9n\u00e9rale du RIPESS EU \u00e0 un \u00e9v\u00e9nement national port\u00e9 par un de ses membres;<\/p>\n<p>3.2 Construire un agenda collectif rassemblant les \u00e9v\u00e9nements port\u00e9s par les diff\u00e9rentes organisations qui \u0153uvrent \u00e0 la transformation \u00e9conomique;<\/p>\n<p>3.3 Promouvoir la participation d\u00e9mocratique des citoyens et l\u2019auto-organisation comme principaux moteurs du changement syst\u00e9mique;<\/p>\n<p>3.4 Elaborer des modules de formation destin\u00e9s \u00e0 un public large et diversifi\u00e9;<\/p>\n<p>3.5 Multiplier les opportunit\u00e9s d\u2019exp\u00e9riences, de collaborations et de participation active des jeunes comme base d\u2019un engagement en r\u00e9seau et de cr\u00e9ation d\u2019une plateforme Jeun\u2019ESS;<\/p>\n<p>3.6 Cr\u00e9er des webinaires pour soutenir l\u2019ensemble de ces objectifs.<\/p>\n","protected":false},"excerpt":{"rendered":"<p>RIPESS Europe Historique succinct Le R\u00e9seau Intercontinental de Promotion de l\u2019\u00c9conomie Sociale Solidaire\u00a0est un r\u00e9seau constitu\u00e9 d\u2019une repr\u00e9sentation par continents. Il rassemble les regroupements continentaux d\u2019acteurs et de r\u00e9seaux, souhaitant [&hellip;]<\/p>\n","protected":false},"author":1,"featured_media":0,"parent":0,"menu_order":0,"comment_status":"closed","ping_status":"closed","template":"","meta":{"_et_pb_use_builder":"","_et_pb_old_content":"","_et_gb_content_width":"","footnotes":""},"class_list":["post-517","page","type-page","status-publish","hentry"],"_links":{"self":[{"href":"https:\/\/dev.eu.ripess.rio20.net\/fr\/wp-json\/wp\/v2\/pages\/517"}],"collection":[{"href":"https:\/\/dev.eu.ripess.rio20.net\/fr\/wp-json\/wp\/v2\/pages"}],"about":[{"href":"https:\/\/dev.eu.ripess.rio20.net\/fr\/wp-json\/wp\/v2\/types\/page"}],"author":[{"embeddable":true,"href":"https:\/\/dev.eu.ripess.rio20.net\/fr\/wp-json\/wp\/v2\/users\/1"}],"replies":[{"embeddable":true,"href":"https:\/\/dev.eu.ripess.rio20.net\/fr\/wp-json\/wp\/v2\/comments?post=517"}],"version-history":[{"count":0,"href":"https:\/\/dev.eu.ripess.rio20.net\/fr\/wp-json\/wp\/v2\/pages\/517\/revisions"}],"wp:attachment":[{"href":"https:\/\/dev.eu.ripess.rio20.net\/fr\/wp-json\/wp\/v2\/media?parent=517"}],"curies":[{"name":"wp","href":"https:\/\/api.w.org\/{rel}","templated":true}]}}