{"id":3871,"date":"2018-05-25T15:57:21","date_gmt":"2018-05-25T13:57:21","guid":{"rendered":"http:\/\/www.ripess.eu\/?page_id=3871"},"modified":"2018-05-31T12:25:46","modified_gmt":"2018-05-31T10:25:46","slug":"politique-de-confidentialite","status":"publish","type":"page","link":"https:\/\/dev.eu.ripess.rio20.net\/fr\/gouvernance\/politique-de-confidentialite\/","title":{"rendered":"Politique de confidentialit\u00e9"},"content":{"rendered":"<h3 style=\"text-align: center;\">POLITIQUE DE CONFIDENTIALIT\u00c9<\/h3>\n<p>Cette politique de confidentialit\u00e9 d\u00e9crit nos pratiques concernant les types d&rsquo;informations que RIPESS Europe recueille, comment nous les utilisons, avec qui nous les partageons, ainsi que les avis et les choix auxquels les individus concern\u00e9s peuvent s&rsquo;attendre concernant les informations.<\/p>\n<p><strong>Informations non personnellement identifiables<\/strong><br \/>\nRIPESS Europe recueille des informations qui ne permettent pas d&rsquo;identifier personnellement le type de navigateur Web et les serveurs disponibles, tels que le type de navigateur, la pr\u00e9f\u00e9rence linguistique, le site r\u00e9f\u00e9rent, la date et l&rsquo;heure de chaque demande de visiteur.<\/p>\n<p><strong>Cookies<\/strong><br \/>\nLes cookies sont des fichiers texte stock\u00e9s sur votre ordinateur. Nous stockons des cookies dans votre navigateur pour vous identifier lorsque vous utilisez RIPESS Europe. Nous utilisons \u00e9galement des cookies pour analyser comment notre site Web est utilis\u00e9 et pour fournir nos services d&rsquo;assistance \u00e0 la client\u00e8le. Nous ne mettons pas de cookies de publicit\u00e9 ou de m\u00e9dias sociaux dans RIPESS Europe.<\/p>\n<p><strong>Contenu de l&rsquo;utilisateur et informations personnelles<\/strong><br \/>\nRIPESS Europe stocke et traite sur son site web \u00ab\u00a0contenu g\u00e9n\u00e9r\u00e9 par l&rsquo;utilisateur\u00a0\u00bb pour les utilisateurs enregistr\u00e9s tels que des discussions, des commentaires, des propositions et des messages \u00e0 d&rsquo;autres utilisateurs. Nous stockons et traitons \u00e9galement votre nom, adresse e-mail, photo de profil et autres informations que vous avez choisi d&rsquo;ajouter dans votre profil d&rsquo;utilisateur. Ces informations permettent g\u00e9n\u00e9ralement \u00e0 un utilisateur de s&rsquo;identifier personnellement, bien que vous soyez invit\u00e9 \u00e0 utiliser un pseudonyme et une adresse e-mail anonyme pour emp\u00eacher cela.<\/p>\n<p>Lorsque vous \u00eates membre d&rsquo;un groupe sur le site du RIPESS Europe, votre contenu, y compris votre profil d&rsquo;utilisateur, sera partag\u00e9 avec les membres de ce groupe, mais votre adresse e-mail ne sera disponible que pour les coordinateurs du groupe. Le contenu, y compris votre profil d&rsquo;utilisateur, sera public sur Internet si vous participez \u00e0 une discussion publique ou si vous rejoignez un groupe public.<\/p>\n<p>Vous pouvez consulter ou exporter vos informations personnelles \u00e0 tout moment via la page de donn\u00e9es personnelles (profil). Vous pouvez mettre \u00e0 jour vos informations \u00e0 tout moment via l&rsquo;interface de l&rsquo;application.<\/p>\n<p>En tant qu&rsquo;utilisateur, vous pouvez d\u00e9sactiver votre compte. Les informations d&rsquo;identification personnelle telles que votre nom, votre nom d&rsquo;utilisateur et votre photo de profil ne seront plus associ\u00e9es au contenu que vous avez publi\u00e9 et RIPESS Europe ne vous contactera plus. Vous \u00eates en mesure de r\u00e9activer votre compte \u00e0 une date ult\u00e9rieure si vous le souhaitez.<\/p>\n<p>Si vous souhaitez supprimer votre compte d&rsquo;utilisateur, vous ne pourrez plus r\u00e9activer votre compte \u00e0 une date ult\u00e9rieure. Vos informations de profil seront d\u00e9finitivement supprim\u00e9es de notre syst\u00e8me. La suppression de votre contenu d&rsquo;utilisateur sera \u00e0 la discr\u00e9tion du responsable de la protection des donn\u00e9es qui prendra en compte les obligations l\u00e9gales, les probl\u00e8mes de s\u00e9curit\u00e9 personnelle et l&rsquo;int\u00e9grit\u00e9 des discussions et des groupes auxquels le contenu appartient.<\/p>\n<p>Les demandes de suppression peuvent \u00eatre adress\u00e9es au d\u00e9l\u00e9gu\u00e9 \u00e0 la protection des donn\u00e9es via l&rsquo;adresse e-mail dpo@ripess.eu.<\/p>\n<p><strong>S\u00e9curit\u00e9 des donn\u00e9es, int\u00e9grit\u00e9 et acc\u00e8s<\/strong><br \/>\nRIPESS Europe ne vendra ni ne louera aucune information que vous partagez avec nous. L&rsquo;acc\u00e8s \u00e0 votre contenu et vos informations personnelles sont \u00e9troitement contr\u00f4l\u00e9s en interne. RIPESS Europe prend toutes les mesures raisonnables pour prot\u00e9ger votre contenu contre la perte, l&rsquo;abus et l&rsquo;acc\u00e8s non autoris\u00e9, la divulgation, l&rsquo;alt\u00e9ration et la destruction.<\/p>\n<p>Le contenu entr\u00e9 sur le site Web est distribu\u00e9 aux membres appropri\u00e9s de vos groupes via des connexions s\u00e9curis\u00e9es si possible et envoy\u00e9 par e-mail dans le cours normal des op\u00e9rations. Votre contenu est uniquement aussi s\u00e9curis\u00e9 que les appareils personnels, les services de messagerie \u00e9lectronique, les FAI et les actions des membres de votre groupe.<\/p>\n<p>P\u00e9riodiquement, RIPESS Europe peut acc\u00e9der \u00e0 votre adresse e-mail pour vous envoyer des informations via des newsletters ou des communications sp\u00e9cifiques sur les webinars et autres activit\u00e9s fournis par RIPESS Europe, ses membres, ou demander des commentaires soit personnellement ou par l&rsquo;interm\u00e9diaire d&rsquo;un fournisseur d&#8217;email. Si vous ne souhaitez pas recevoir ces e-mails, veuillez r\u00e9pondre \u00e0 une demande de suppression de la liste de contacts ou vous d\u00e9sinscrire en cliquant sur le lien de d\u00e9sabonnement situ\u00e9 en bas de l&rsquo;e-mail.<\/p>\n<p>Toutes les donn\u00e9es de ripess.eu sont actuellement stock\u00e9es par Supporthost en Europe. La sauvegarde des donn\u00e9es, les services d&rsquo;archivage et la reprise apr\u00e8s sinistre sont \u00e9galement g\u00e9r\u00e9s par Supporthost. Le logiciel et les donn\u00e9es sont sauvegard\u00e9s sur un stockage s\u00e9curis\u00e9, contr\u00f4l\u00e9 par l&rsquo;acc\u00e8s et redondant.<\/p>\n<p><strong>Tiers<\/strong><br \/>\nNous limitons au minimum le nombre de tiers et nous partageons uniquement des informations d&rsquo;identification personnelle avec des tiers lorsqu&rsquo;il est n\u00e9cessaire de fournir notre service. Ces tiers adh\u00e8rent aux meilleures pratiques de l&rsquo;industrie et se conforment au GDPR de l&rsquo;UE, ce qui signifie qu&rsquo;ils ne vendront ou ne partageront aucune donn\u00e9e partag\u00e9e avec eux.<\/p>\n<p>Il est possible que ces services soient oblig\u00e9s par un ordre du tribunal de partager les informations qu&rsquo;ils ont avec les forces de l&rsquo;ordre.<\/p>\n<p><strong>Changements<\/strong><br \/>\nNous maintiendrons toujours le principe primordial selon lequel nous ne vendrons ni ne louerons aucune information que vous partagez avec nous. Cependant, nous pouvons changer d&rsquo;autres aspects de cette politique. Toute politique modifi\u00e9e est effective d\u00e8s sa publication sur ce site, et nous ferons tout notre possible pour vous informer de ces changements par e-mail ou via le site.<\/p>\n<p>Merci d&rsquo;avoir pris le temps d&rsquo;en apprendre davantage sur notre politique de confidentialit\u00e9. Nous estimons qu&rsquo;il est de plus en plus important que les gens sachent exactement comment leurs informations sont trait\u00e9es en ligne. Nous avons donc essay\u00e9 de rendre la politique aussi claire et pr\u00e9cise que possible. Si vous avez des questions ou des pr\u00e9occupations, veuillez nous contacter.<\/p>\n","protected":false},"excerpt":{"rendered":"<p>POLITIQUE DE CONFIDENTIALIT\u00c9 Cette politique de confidentialit\u00e9 d\u00e9crit nos pratiques concernant les types d&rsquo;informations que RIPESS Europe recueille, comment nous les utilisons, avec qui nous les partageons, ainsi que les [&hellip;]<\/p>\n","protected":false},"author":1,"featured_media":0,"parent":570,"menu_order":0,"comment_status":"closed","ping_status":"closed","template":"","meta":{"_et_pb_use_builder":"","_et_pb_old_content":"","_et_gb_content_width":"","footnotes":""},"class_list":["post-3871","page","type-page","status-publish","hentry"],"_links":{"self":[{"href":"https:\/\/dev.eu.ripess.rio20.net\/fr\/wp-json\/wp\/v2\/pages\/3871"}],"collection":[{"href":"https:\/\/dev.eu.ripess.rio20.net\/fr\/wp-json\/wp\/v2\/pages"}],"about":[{"href":"https:\/\/dev.eu.ripess.rio20.net\/fr\/wp-json\/wp\/v2\/types\/page"}],"author":[{"embeddable":true,"href":"https:\/\/dev.eu.ripess.rio20.net\/fr\/wp-json\/wp\/v2\/users\/1"}],"replies":[{"embeddable":true,"href":"https:\/\/dev.eu.ripess.rio20.net\/fr\/wp-json\/wp\/v2\/comments?post=3871"}],"version-history":[{"count":0,"href":"https:\/\/dev.eu.ripess.rio20.net\/fr\/wp-json\/wp\/v2\/pages\/3871\/revisions"}],"up":[{"embeddable":true,"href":"https:\/\/dev.eu.ripess.rio20.net\/fr\/wp-json\/wp\/v2\/pages\/570"}],"wp:attachment":[{"href":"https:\/\/dev.eu.ripess.rio20.net\/fr\/wp-json\/wp\/v2\/media?parent=3871"}],"curies":[{"name":"wp","href":"https:\/\/api.w.org\/{rel}","templated":true}]}}