{"id":26069,"date":"2021-08-24T22:19:26","date_gmt":"2021-08-24T21:19:26","guid":{"rendered":"https:\/\/ripess.eu\/activites\/projets-collaboratifs\/"},"modified":"2021-08-24T22:23:41","modified_gmt":"2021-08-24T21:23:41","slug":"projets-collaboratifs","status":"publish","type":"page","link":"https:\/\/dev.eu.ripess.rio20.net\/fr\/activites\/projets-collaboratifs\/","title":{"rendered":"Projets collaboratifs"},"content":{"rendered":"<p>Les activit\u00e9s \u00e0 long terme sont normalement bas\u00e9es sur des projets financ\u00e9s, qui permettent la planification et un travail coh\u00e9rent partag\u00e9 par les membres du r\u00e9seau qui participent \u00e0 des partenariats de collaboration, partageant leurs connaissances et leur expertise.<\/p>\n<p>Les projets pass\u00e9s ont \u00e9t\u00e9 principalement soutenus par des programmes de la Commission europ\u00e9enne tels que les programmes Erasmus+.\u00a0 Certains ont re\u00e7u le soutien de fondations priv\u00e9es.<\/p>\n<p>Les nouveaux projets peuvent \u00eatre propos\u00e9s par des organisations membres et inclure des organisations non membres, \u00e0 condition qu&rsquo;ils respectent les principes et pratiques g\u00e9n\u00e9raux de l&rsquo;\u00e9conomie sociale solidaire et qu&rsquo;ils soient conformes aux orientations strat\u00e9giques du r\u00e9seau.<\/p>\n","protected":false},"excerpt":{"rendered":"<p>Les activit\u00e9s \u00e0 long terme sont normalement bas\u00e9es sur des projets financ\u00e9s, qui permettent la planification et un travail coh\u00e9rent partag\u00e9 par les membres du r\u00e9seau qui participent \u00e0 des [&hellip;]<\/p>\n","protected":false},"author":4,"featured_media":0,"parent":530,"menu_order":0,"comment_status":"closed","ping_status":"closed","template":"","meta":{"_et_pb_use_builder":"on","_et_pb_old_content":"","_et_gb_content_width":"","footnotes":""},"class_list":["post-26069","page","type-page","status-publish","hentry"],"_links":{"self":[{"href":"https:\/\/dev.eu.ripess.rio20.net\/fr\/wp-json\/wp\/v2\/pages\/26069"}],"collection":[{"href":"https:\/\/dev.eu.ripess.rio20.net\/fr\/wp-json\/wp\/v2\/pages"}],"about":[{"href":"https:\/\/dev.eu.ripess.rio20.net\/fr\/wp-json\/wp\/v2\/types\/page"}],"author":[{"embeddable":true,"href":"https:\/\/dev.eu.ripess.rio20.net\/fr\/wp-json\/wp\/v2\/users\/4"}],"replies":[{"embeddable":true,"href":"https:\/\/dev.eu.ripess.rio20.net\/fr\/wp-json\/wp\/v2\/comments?post=26069"}],"version-history":[{"count":0,"href":"https:\/\/dev.eu.ripess.rio20.net\/fr\/wp-json\/wp\/v2\/pages\/26069\/revisions"}],"up":[{"embeddable":true,"href":"https:\/\/dev.eu.ripess.rio20.net\/fr\/wp-json\/wp\/v2\/pages\/530"}],"wp:attachment":[{"href":"https:\/\/dev.eu.ripess.rio20.net\/fr\/wp-json\/wp\/v2\/media?parent=26069"}],"curies":[{"name":"wp","href":"https:\/\/api.w.org\/{rel}","templated":true}]}}