{"id":26064,"date":"2021-08-24T12:05:52","date_gmt":"2021-08-24T11:05:52","guid":{"rendered":"https:\/\/ripess.eu\/presentation\/lequipe\/"},"modified":"2022-05-18T16:41:04","modified_gmt":"2022-05-18T15:41:04","slug":"lequipe","status":"publish","type":"page","link":"https:\/\/dev.eu.ripess.rio20.net\/fr\/presentation\/lequipe\/","title":{"rendered":"L&rsquo;\u00e9quipe"},"content":{"rendered":"<p>L&rsquo;\u00e9quipe du r\u00e9seau est compos\u00e9e de :<\/p>\n<ul>\n<li>Jason Nardi, D\u00e9l\u00e9gu\u00e9 g\u00e9n\u00e9ral<\/li>\n<li>Juliette Bertrand, Charg\u00e9e de communication<\/li>\n<li>Fran\u00e7oise Wautiez, Documentation \/ Socioeco.org<\/li>\n<li>Andrea Rodriguez, Charg\u00e9e de projets<\/li>\n<\/ul>\n<p>Les administrateurs suivants sont en charge de :<\/p>\n<p>Drazen Simlesa, Coordinateur g\u00e9n\u00e9ral<\/p>\n<p>Josette Combes, Coordinatrice communication<\/p>\n<p>Bruno Lasnier, Tr\u00e9sorier<\/p>\n<p>Sofia Pereira, Jeunesse et \u00e9ducation<\/p>\n<p>Olivia Mailfert, Impact social<\/p>\n<p>Laura Aufrere, Comit\u00e9 scientifique<\/p>\n","protected":false},"excerpt":{"rendered":"<p>L&rsquo;\u00e9quipe du r\u00e9seau est compos\u00e9e de : Jason Nardi, D\u00e9l\u00e9gu\u00e9 g\u00e9n\u00e9ral Juliette Bertrand, Charg\u00e9e de communication Fran\u00e7oise Wautiez, Documentation \/ Socioeco.org Andrea Rodriguez, Charg\u00e9e de projets Les administrateurs suivants sont [&hellip;]<\/p>\n","protected":false},"author":4,"featured_media":0,"parent":517,"menu_order":0,"comment_status":"closed","ping_status":"closed","template":"","meta":{"_et_pb_use_builder":"","_et_pb_old_content":"","_et_gb_content_width":"","footnotes":""},"class_list":["post-26064","page","type-page","status-publish","hentry"],"_links":{"self":[{"href":"https:\/\/dev.eu.ripess.rio20.net\/fr\/wp-json\/wp\/v2\/pages\/26064"}],"collection":[{"href":"https:\/\/dev.eu.ripess.rio20.net\/fr\/wp-json\/wp\/v2\/pages"}],"about":[{"href":"https:\/\/dev.eu.ripess.rio20.net\/fr\/wp-json\/wp\/v2\/types\/page"}],"author":[{"embeddable":true,"href":"https:\/\/dev.eu.ripess.rio20.net\/fr\/wp-json\/wp\/v2\/users\/4"}],"replies":[{"embeddable":true,"href":"https:\/\/dev.eu.ripess.rio20.net\/fr\/wp-json\/wp\/v2\/comments?post=26064"}],"version-history":[{"count":0,"href":"https:\/\/dev.eu.ripess.rio20.net\/fr\/wp-json\/wp\/v2\/pages\/26064\/revisions"}],"up":[{"embeddable":true,"href":"https:\/\/dev.eu.ripess.rio20.net\/fr\/wp-json\/wp\/v2\/pages\/517"}],"wp:attachment":[{"href":"https:\/\/dev.eu.ripess.rio20.net\/fr\/wp-json\/wp\/v2\/media?parent=26064"}],"curies":[{"name":"wp","href":"https:\/\/api.w.org\/{rel}","templated":true}]}}