{"id":22631,"date":"2021-02-24T11:03:05","date_gmt":"2021-02-24T10:03:05","guid":{"rendered":"https:\/\/ripess.eu\/transformative-economies-lab\/"},"modified":"2021-02-24T11:03:05","modified_gmt":"2021-02-24T10:03:05","slug":"transformative-economies-lab","status":"publish","type":"page","link":"https:\/\/dev.eu.ripess.rio20.net\/fr\/transformative-economies-lab\/","title":{"rendered":"Transformative Economies Lab"},"content":{"rendered":"<div class=\"page\">\n<div class=\"layoutArea\">\n<div class=\"column\">\n<p>Transformative Economies Lab est une <strong>enqu\u00eate collaborative qui explore, cartographie et articule une \u00e9conomie pratique, durable et \u00e9quitable, telle qu&rsquo;elle se d\u00e9ploie dans le monde entier<\/strong>. L&rsquo;objectif du laboratoire est d&rsquo;utiliser une plateforme existante (<a href=\"https:\/\/flourishingenterprise.org\/\">Real Economy Lab<\/a>) qui fournit une image compl\u00e8te des projets, id\u00e9es, mouvements et r\u00e9seaux offrant des alternatives viables au syst\u00e8me \u00e9conomique traditionnel bas\u00e9 sur le march\u00e9, et de pr\u00e9senter cela comme un argument convaincant pour une coordination et un soutien plus larges de toutes les parties prenantes.<\/p>\n<p>Un nombre croissant de praticiens, de chercheurs et d&rsquo;acteurs du changement travaillent \u00e0 la mise en place d&rsquo;un nouveau syst\u00e8me \u00e9conomique, transformant le paradigme actuel bas\u00e9 sur la croissance et l&rsquo;accumulation de richesses. L&rsquo;id\u00e9e de ce projet est de <strong>cr\u00e9er une carte des organisations qui ont particip\u00e9 au Forum social mondial des \u00e9conomies transformatrices<\/strong> afin de visualiser les liens entre elles.<\/p>\n<p>Le Laboratoire d&rsquo;Economies Transformatrices est le r\u00e9sultat d&rsquo;une collaboration entre <em>Real Economy Lab, RIPESS Europe, MES Occitanie<\/em> et <em>Open Atlas (Communecter)<\/em> qui a \u00e9merg\u00e9 dans la <em>commission de cartographie du WSFTE<\/em> et de l&rsquo;initiative <em>COMMAP<\/em> financ\u00e9e par <em>FundAction<\/em>. Il est bas\u00e9 sur le Real Economy Lab, un projet initi\u00e9 par Jules Peck, avec le soutien de la <em>Fondation Charles L\u00e9opold Mayer<\/em>, de la <em>New Economics Foundation<\/em>, du <em>Transition Network et de Metamaps.<\/em><\/p>\n<p>Ce projet est bas\u00e9 sur un <a href=\"https:\/\/forum.transformadora.org\/assemblies\/tel\/f\/993\/\">questionnaire<\/a>, qui \u00e0 travers des questions peu complexes, permet de recueillir les lignes de travail les plus g\u00e9n\u00e9rales des organisations &#8211; sachant que les r\u00e9ponses ne seront pas pr\u00e9sent\u00e9es comme une position officielle de l&rsquo;organisation -. Ce questionnaire est disponible dans le <a href=\"https:\/\/forum.transformadora.org\/\">forum virtuel du WSFTE<\/a>, comporte 25 questions et a \u00e9t\u00e9 r\u00e9pondu par 85 organisations dans le monde entier. Les donn\u00e9es qui en r\u00e9sultent seront utilis\u00e9es pour cr\u00e9er des visualisations infographiques et graphiques et pourront \u00eatre adapt\u00e9es et int\u00e9gr\u00e9es \u00e0 des recherches parall\u00e8les pour assurer la coh\u00e9rence de l&rsquo;analyse. Enfin, les donn\u00e9es obtenues seront distribu\u00e9es sous la licence Creative Commons.<\/p>\n<p><strong>L&rsquo;objectif principal du projet<\/strong> est non seulement de rendre visibles les initiatives existantes, mais <strong>aussi de multiplier les liens et les interrelations<\/strong> afin de faire \u00e9merger ces alternatives, c&rsquo;est-\u00e0-dire de contribuer \u00e0 <strong>donner de la visibilit\u00e9 \u00e0 l&rsquo;Economie Sociale et Solidaire<\/strong> ainsi qu&rsquo;aux alternatives qu&rsquo;elle fournit et qui couvrent diff\u00e9rents aspects de la soci\u00e9t\u00e9 et des besoins des populations tels que : l&rsquo;alimentation, la sant\u00e9, l&rsquo;\u00e9ducation, la culture, le logement, l&rsquo;acc\u00e8s \u00e0 l&rsquo;eau et \u00e0 la terre, l&rsquo;\u00e9nergie ou la protection de l&rsquo;environnement etc.<\/p>\n<p>Ce type de carte facilite l&rsquo;\u00e9change de connaissances et nous permet de conna\u00eetre les initiatives d&rsquo;innovation sociale, les d\u00e9fis et les moyens de les surmonter. Les r\u00e9sultats de cette recherche nous permettront ensuite de r\u00e9fl\u00e9chir sur : les caract\u00e9ristiques et les particularit\u00e9s de ces exp\u00e9riences, c&rsquo;est-\u00e0-dire qu&rsquo;elle nous permettra de r\u00e9fl\u00e9chir sur ce que nous faisons et comment nous le faisons afin d&rsquo;obtenir une intervention plus sophistiqu\u00e9e sur les soci\u00e9t\u00e9s. Notre premi\u00e8re t\u00e2che, et la t\u00e2che actuelle, est de cr\u00e9er une <strong>carte mentale des alternatives internationales au syst\u00e8me \u00e9conomique<\/strong>. Nous comprenons qu&rsquo;il existe de nombreuses et tr\u00e8s diverses voix qui, jour apr\u00e8s jour, construisent les autres mondes possibles, et c&rsquo;est pourquoi cette carte comprend diff\u00e9rentes m\u00e9ta-cat\u00e9gories. En ce sens, cette carte mentale montre des acteurs ayant des int\u00e9r\u00eats diff\u00e9rents mais qui partagent la m\u00eame vision de la vie et le d\u00e9sir de mettre en \u0153uvre des changements \u00e0 l&rsquo;\u00e9chelle mondiale.<\/p>\n<p>Cliquez <a href=\"https:\/\/kumu.io\/TransformativeEconomiesLab\/transformative-economies-lab#tel-english\">ICI<\/a> pour acc\u00e9der \u00e0 la carte.<\/p>\n<p><img loading=\"lazy\" decoding=\"async\" width=\"725\" height=\"561\" class=\"alignnone size-full wp-image-22605\" src=\"https:\/\/ripess.eu\/wp-content\/uploads\/sites\/4\/2021\/02\/Captura-de-pantalla-2021-02-24-a-las-10.37.08.png\" alt=\"\" \/><\/p>\n<ol>\n<li><em>Vue g\u00e9n\u00e9rale de la carte<\/em><\/li>\n<\/ol>\n<\/div>\n<\/div>\n<\/div>\n","protected":false},"excerpt":{"rendered":"<p>Transformative Economies Lab est une enqu\u00eate collaborative qui explore, cartographie et articule une \u00e9conomie pratique, durable et \u00e9quitable, telle qu&rsquo;elle se d\u00e9ploie dans le monde entier. L&rsquo;objectif du laboratoire est [&hellip;]<\/p>\n","protected":false},"author":18,"featured_media":22608,"parent":0,"menu_order":0,"comment_status":"closed","ping_status":"closed","template":"","meta":{"_et_pb_use_builder":"","_et_pb_old_content":"","_et_gb_content_width":"","footnotes":""},"class_list":["post-22631","page","type-page","status-publish","has-post-thumbnail","hentry"],"_links":{"self":[{"href":"https:\/\/dev.eu.ripess.rio20.net\/fr\/wp-json\/wp\/v2\/pages\/22631"}],"collection":[{"href":"https:\/\/dev.eu.ripess.rio20.net\/fr\/wp-json\/wp\/v2\/pages"}],"about":[{"href":"https:\/\/dev.eu.ripess.rio20.net\/fr\/wp-json\/wp\/v2\/types\/page"}],"author":[{"embeddable":true,"href":"https:\/\/dev.eu.ripess.rio20.net\/fr\/wp-json\/wp\/v2\/users\/18"}],"replies":[{"embeddable":true,"href":"https:\/\/dev.eu.ripess.rio20.net\/fr\/wp-json\/wp\/v2\/comments?post=22631"}],"version-history":[{"count":0,"href":"https:\/\/dev.eu.ripess.rio20.net\/fr\/wp-json\/wp\/v2\/pages\/22631\/revisions"}],"wp:featuredmedia":[{"embeddable":true,"href":"https:\/\/dev.eu.ripess.rio20.net\/fr\/wp-json\/wp\/v2\/media\/22608"}],"wp:attachment":[{"href":"https:\/\/dev.eu.ripess.rio20.net\/fr\/wp-json\/wp\/v2\/media?parent=22631"}],"curies":[{"name":"wp","href":"https:\/\/api.w.org\/{rel}","templated":true}]}}