{"id":3885,"date":"2018-05-25T15:57:21","date_gmt":"2018-05-25T13:57:21","guid":{"rendered":"http:\/\/www.ripess.eu\/gobernanza\/politica-de-privacidad\/"},"modified":"2018-05-30T15:15:03","modified_gmt":"2018-05-30T13:15:03","slug":"politica-de-privacidad","status":"publish","type":"page","link":"https:\/\/dev.eu.ripess.rio20.net\/es\/gobernanza\/politica-de-privacidad\/","title":{"rendered":"Pol\u00edtica de privacidad"},"content":{"rendered":"<h2><span id=\"result_box\" class=\"\" lang=\"es\" tabindex=\"-1\">POL\u00cdTICA DE PRIVACIDAD<\/span><\/h2>\n<p><span class=\"\">Esta pol\u00edtica de privacidad describe nuestras pr\u00e1cticas para los tipos de informaci\u00f3n que re\u00fane RIPESS Europe, c\u00f3mo la utilizamos, con qui\u00e9n la compartimos y los avisos y opciones que las personas afectadas pueden esperar con respecto a la informaci\u00f3n.<\/span><\/p>\n<h3><span id=\"result_box\" class=\"\" lang=\"es\" tabindex=\"-1\">Informaci\u00f3n\u00a0 de identificaci\u00f3n no personal<\/span><\/h3>\n<p><span class=\"\">RIPESS Europe recopila informaci\u00f3n de identificaci\u00f3n no personal del tipo que los navegadores web y servidores normalmente ponen a disposici\u00f3n, como el tipo de navegador, la preferencia de idioma, el sitio de referencia y la fecha y hora de solicitud de cada visitante.<\/span><\/p>\n<h3><span id=\"result_box\" class=\"\" lang=\"es\" tabindex=\"-1\">Cookies<\/span><\/h3>\n<p>Los cookies son archivos de texto almacenados en su computadora. Almacenamos cookies en su navegador para identificarlo cuando usa RIPESS Europe. <span class=\"\">Tambi\u00e9n utilizamos cookies para analizar c\u00f3mo se utiliza nuestro sitio web y para proporcionar nuestros servicios de atenci\u00f3n al cliente.<\/span> <span class=\"\">No ponemos publicidad o cookies de redes sociales en RIPESS Europa.<\/span><\/p>\n<h3><span id=\"result_box\" class=\"\" lang=\"es\" tabindex=\"-1\">Contenido de usuario e informaci\u00f3n de identificaci\u00f3n personal<\/span><\/h3>\n<p>RIPESS Europe almacena y procesa en su sitio web el \u00abcontenido generado por el usuario\u00bb para los usuarios registrados, como debates, comentarios, propuestas y mensajes a otros usuarios. Tambi\u00e9n almacenamos y procesamos su nombre, direcci\u00f3n de correo electr\u00f3nico, foto de perfil y otra informaci\u00f3n que elija agregar en \u00absu perfil de usuario\u00bb. <span class=\"\">Esta informaci\u00f3n generalmente hace que el usuario sea personalmente identificable, aunque puede usar un seud\u00f3nimo y una direcci\u00f3n de correo electr\u00f3nico an\u00f3nima para evitarlo.<\/span><\/p>\n<p><span id=\"result_box\" class=\"\" lang=\"es\" tabindex=\"-1\">Cuando Usted es un miembro de un grupo en el sitio web de RIPESS Europe, su contenido, incluido su perfil de usuario, se compartir\u00e1 con los miembros de ese grupo; sin embargo, su direcci\u00f3n de correo electr\u00f3nico solo estar\u00e1 disponible para los coordinadores del grupo. El contenido, incluido su perfil de usuario, ser\u00e1 p\u00fablico en Internet si participa en una discusi\u00f3n p\u00fablica o se une a un grupo p\u00fablico.<\/span><\/p>\n<p><span id=\"result_box\" class=\"\" lang=\"es\" tabindex=\"-1\"><span class=\"\">Puede ver o exportar su informaci\u00f3n personal en cualquier momento a trav\u00e9s de la p\u00e1gina de datos personales (perfil).<\/span> <span class=\"\">Puede actualizar su informaci\u00f3n en cualquier momento a trav\u00e9s de la interfaz de la aplicaci\u00f3n.<\/span><\/span><\/p>\n<p><span id=\"result_box\" class=\"\" lang=\"es\" tabindex=\"-1\">Como usuario, puede desactivar su cuenta. <span class=\"\">La informaci\u00f3n de identificaci\u00f3n personal como su nombre, nombre de usuario y foto de perfil ya no estar\u00e1 asociada con el contenido que ha publicado y RIPESS Europe no lo contactar\u00e1 de nuevo.<\/span> <span class=\"\">Puede reactivar su cuenta m\u00e1s adelante si lo desea.<\/span><\/span><\/p>\n<p><span id=\"result_box\" class=\"\" lang=\"es\" tabindex=\"-1\">Si desea eliminar su cuenta de usuario, no podr\u00e1 reactivar su cuenta en una fecha posterior. Su informaci\u00f3n de perfil se eliminar\u00e1 permanentemente de nuestro sistema. <span class=\"\">La eliminaci\u00f3n de su contenido de usuario quedar\u00e1 a discreci\u00f3n del Oficial de Protecci\u00f3n de Datos que tendr\u00e1 en cuenta las obligaciones legales, cuestiones de seguridad personal y la integridad de las discusiones y grupos a los que pertenece el contenido.<\/span><\/span><\/p>\n<p><span class=\"\">Las solicitudes de eliminaci\u00f3n pueden hacerse al Oficial de Protecci\u00f3n de Datos a trav\u00e9s de la direcci\u00f3n de correo electr\u00f3nico dpo@ripess.eu.<\/span><\/p>\n<h3><span id=\"result_box\" class=\"\" lang=\"es\" tabindex=\"-1\"><span class=\"\">Seguridad de Datos, Integridad y Acceso<\/span><\/span><\/h3>\n<p><span class=\"\">RIPESS Europe no vender\u00e1 ni alquilar\u00e1 ninguna informaci\u00f3n que comparta con nosotros.<\/span> <span class=\"\">El acceso a su contenido y la informaci\u00f3n de identificaci\u00f3n personal est\u00e1n estrechamente controlados internamente.<\/span> <span class=\"\">RIPESS Europa toma todas las medidas razonables para proteger su contenido contra p\u00e9rdida, uso indebido y acceso no autorizado, divulgaci\u00f3n, alteraci\u00f3n y destrucci\u00f3n.<\/span><\/p>\n<p><span id=\"result_box\" class=\"\" lang=\"es\" tabindex=\"-1\">El contenido ingresado en el sitio web se distribuye a los miembros apropiados de sus grupos mediante conexiones seguras, siempre que sea posible, y se env\u00eda por correo electr\u00f3nico en el transcurso normal de la operaci\u00f3n. <span class=\"\">Su contenido es tan seguro como los dispositivos personales, los servicios de correo electr\u00f3nico, los ISP y las acciones de los miembros de su grupo.<\/span><\/span><\/p>\n<p><span id=\"result_box\" class=\"\" lang=\"es\" tabindex=\"-1\"><span class=\"\">Peri\u00f3dicamente, RIPESS Europe puede acceder a su direcci\u00f3n de correo electr\u00f3nico para enviarle informaci\u00f3n a trav\u00e9s de boletines informativos o comunicaciones espec\u00edficas en seminarios web y otras actividades proporcionadas por RIPESS Europe, sus miembros, o puede solicitar comentarios ya sea personalmente o a trav\u00e9s de un proveedor de correo electr\u00f3nico.<\/span> <span class=\"\">Si no desea recibir estos correos electr\u00f3nicos, responda con una solicitud para que lo retiren de la lista de contactos, o bien, cancele la suscripci\u00f3n haciendo clic en el enlace para darse de baja en la parte inferior del correo electr\u00f3nico.<\/span><\/span><\/p>\n<p><span id=\"result_box\" class=\"\" lang=\"es\" tabindex=\"-1\">Todos los datos dentro de ripess.eu est\u00e1n actualmente almacenados por Supporthost en Europa. Backuphost tambi\u00e9n gestiona la copia de seguridad de los datos, los servicios de archivo y la recuperaci\u00f3n de desastres. <span class=\"\">El software y los datos est\u00e1n respaldados en almacenamiento seguro, de acceso controlado y redundante.<\/span><\/span><\/p>\n<h3><span id=\"result_box\" class=\"\" lang=\"es\" tabindex=\"-1\"><span class=\"\">Terceros<\/span><\/span><\/h3>\n<p><span class=\"\">Mantenemos el n\u00famero de terceros utilizados al m\u00ednimo y solo compartimos informaci\u00f3n de identificaci\u00f3n personal con terceros cuando es necesario para proporcionar nuestro servicio.<\/span> <span class=\"\">Estos terceros se adhieren a las mejores pr\u00e1cticas de la industria y cumplen con el GDPR de la UE, lo que significa que, a su vez, no vender\u00e1n ni compartir\u00e1n ning\u00fan dato compartido con ellos.<\/span><\/p>\n<p><span class=\"\">Es posible que estos servicios se vean obligados por orden judicial a compartir la informaci\u00f3n que tienen con la polic\u00eda.<\/span><\/p>\n<h3><span id=\"result_box\" class=\"\" lang=\"es\" tabindex=\"-1\"><span class=\"\">Cambios<\/span><\/span><\/h3>\n<p><span class=\"\">Siempre mantendremos el principio primordial de que no venderemos ni alquilaremos la informaci\u00f3n que comparta con nosotros.<\/span> <span class=\"\">Sin embargo, podemos cambiar otros aspectos de esta pol\u00edtica.<\/span> <span class=\"\">Cualquier pol\u00edtica modificada entra en vigencia al publicarse en este sitio web, y haremos todo lo posible por informarle sobre estos cambios por correo electr\u00f3nico o a trav\u00e9s del sitio.<\/span><\/p>\n<p><span class=\"\">Gracias por tomarse el tiempo para conocer nuestra pol\u00edtica de privacidad.<\/span> <span class=\"\">Creemos que es cada vez m\u00e1s importante para las personas saber exactamente c\u00f3mo se trata su informaci\u00f3n en l\u00ednea, por lo que hemos intentado que la pol\u00edtica sea lo m\u00e1s clara y espec\u00edfica posible.<\/span> Si tiene alguna pregunta o inquietud, cont\u00e1ctenos.<\/p>\n","protected":false},"excerpt":{"rendered":"<p>POL\u00cdTICA DE PRIVACIDAD Esta pol\u00edtica de privacidad describe nuestras pr\u00e1cticas para los tipos de informaci\u00f3n que re\u00fane RIPESS Europe, c\u00f3mo la utilizamos, con qui\u00e9n la compartimos y los avisos y [&hellip;]<\/p>\n","protected":false},"author":1,"featured_media":0,"parent":2777,"menu_order":0,"comment_status":"closed","ping_status":"closed","template":"","meta":{"_et_pb_use_builder":"","_et_pb_old_content":"","_et_gb_content_width":"","footnotes":""},"class_list":["post-3885","page","type-page","status-publish","hentry"],"_links":{"self":[{"href":"https:\/\/dev.eu.ripess.rio20.net\/es\/wp-json\/wp\/v2\/pages\/3885"}],"collection":[{"href":"https:\/\/dev.eu.ripess.rio20.net\/es\/wp-json\/wp\/v2\/pages"}],"about":[{"href":"https:\/\/dev.eu.ripess.rio20.net\/es\/wp-json\/wp\/v2\/types\/page"}],"author":[{"embeddable":true,"href":"https:\/\/dev.eu.ripess.rio20.net\/es\/wp-json\/wp\/v2\/users\/1"}],"replies":[{"embeddable":true,"href":"https:\/\/dev.eu.ripess.rio20.net\/es\/wp-json\/wp\/v2\/comments?post=3885"}],"version-history":[{"count":0,"href":"https:\/\/dev.eu.ripess.rio20.net\/es\/wp-json\/wp\/v2\/pages\/3885\/revisions"}],"up":[{"embeddable":true,"href":"https:\/\/dev.eu.ripess.rio20.net\/es\/wp-json\/wp\/v2\/pages\/2777"}],"wp:attachment":[{"href":"https:\/\/dev.eu.ripess.rio20.net\/es\/wp-json\/wp\/v2\/media?parent=3885"}],"curies":[{"name":"wp","href":"https:\/\/api.w.org\/{rel}","templated":true}]}}