{"id":2806,"date":"2014-05-29T10:07:54","date_gmt":"2014-05-29T08:07:54","guid":{"rendered":"http:\/\/www.ripess.eu\/recursos\/"},"modified":"2023-11-21T14:37:04","modified_gmt":"2023-11-21T13:37:04","slug":"recursos","status":"publish","type":"page","link":"https:\/\/dev.eu.ripess.rio20.net\/es\/recursos\/","title":{"rendered":"Recursos"},"content":{"rendered":"<p>[et_pb_section fb_built=\u00bb1&#8243; admin_label=\u00bbsection\u00bb _builder_version=\u00bb4.16&#8243; global_colors_info=\u00bb{}\u00bb][et_pb_row column_structure=\u00bb1_3,1_3,1_3&#8243; _builder_version=\u00bb4.23.1&#8243; _module_preset=\u00bbdefault\u00bb global_colors_info=\u00bb{}\u00bb][et_pb_column type=\u00bb1_3&#8243; _builder_version=\u00bb4.23.1&#8243; _module_preset=\u00bbdefault\u00bb global_colors_info=\u00bb{}\u00bb][et_pb_heading title=\u00bbRipess Europe YouTube Channel\u00bb _builder_version=\u00bb4.23.1&#8243; _module_preset=\u00bbdefault\u00bb title_text_align=\u00bbcenter\u00bb global_colors_info=\u00bb{}\u00bb][\/et_pb_heading][et_pb_image src=\u00bbhttps:\/\/ripess.eu\/wp-content\/uploads\/sites\/4\/2023\/11\/ripess-youtube-e1699946828588.png\u00bb title_text=\u00bbripess youtube\u00bb _builder_version=\u00bb4.23.1&#8243; _module_preset=\u00bbdefault\u00bb global_colors_info=\u00bb{}\u00bb][\/et_pb_image][et_pb_text _builder_version=\u00bb4.23.1&#8243; _module_preset=\u00bbdefault\u00bb hover_enabled=\u00bb0&#8243; global_colors_info=\u00bb{}\u00bb sticky_enabled=\u00bb0&#8243;]<\/p>\n<p>Ripess Europa tiene un canal Youtube d\u00f3nde se pueden ver videos de entrevistas a sus miembros y webinarios.<\/p>\n<p>Para ver los videos de youtube presione <a href=\"https:\/\/www.youtube.com\/@ripesseurope8599\"><span style=\"color: #0000ff\">aqu\u00ed<\/span><br \/><\/a><\/p>\n<p>[\/et_pb_text][\/et_pb_column][et_pb_column type=\u00bb1_3&#8243; _builder_version=\u00bb4.23.1&#8243; _module_preset=\u00bbdefault\u00bb global_colors_info=\u00bb{}\u00bb][et_pb_heading title=\u00bbSOCIOECO.ORG\u00bb _builder_version=\u00bb4.23.1&#8243; _module_preset=\u00bbdefault\u00bb title_text_align=\u00bbcenter\u00bb global_colors_info=\u00bb{}\u00bb][\/et_pb_heading][et_pb_image src=\u00bbhttps:\/\/ripess.eu\/wp-content\/uploads\/sites\/4\/2017\/10\/socioeco_res.png\u00bb alt=\u00bbSocioeco\u00bb title_text=\u00bbsocioeco_res\u00bb _builder_version=\u00bb4.23.1&#8243; _module_preset=\u00bbdefault\u00bb global_colors_info=\u00bb{}\u00bb][\/et_pb_image][et_pb_text _builder_version=\u00bb4.23.1&#8243; _module_preset=\u00bbdefault\u00bb global_colors_info=\u00bb{}\u00bb]<\/p>\n<p>Un centro de recursos sobre ESS en 5 idiomas principales y muchos m\u00e1s\u00a0 socioeco.org\u2014 con ponencias, descripciones de iniciativas, pol\u00edticas p\u00fablicas, legislaciones, art\u00edculos de medios alternativos, herramientas pedag\u00f3gicas, tesis, mapeos, etc. M\u00e1s de 25 000 recursos disponibles.<\/p>\n<p>Para visitar Socioeco.org pulse <a href=\"http:\/\/www.socioeco.org\/index_en.html\"><span style=\"color: #0000ff\">aqu\u00ed<\/span><br \/><\/a><\/p>\n<p>[\/et_pb_text][\/et_pb_column][et_pb_column type=\u00bb1_3&#8243; _builder_version=\u00bb4.23.1&#8243; _module_preset=\u00bbdefault\u00bb global_colors_info=\u00bb{}\u00bb][et_pb_heading title=\u00bbSOLECOPEDIA\u00bb _builder_version=\u00bb4.23.1&#8243; _module_preset=\u00bbdefault\u00bb title_text_align=\u00bbcenter\u00bb global_colors_info=\u00bb{}\u00bb][\/et_pb_heading][et_pb_image src=\u00bbhttps:\/\/ripess.eu\/wp-content\/uploads\/sites\/4\/2023\/11\/LOGO_154_SOLECOPEDIA_400x400-1-e1699974142751.jpg\u00bb title_text=\u00bbLOGO_154_SOLECOPEDIA_400x400&#8243; _builder_version=\u00bb4.23.1&#8243; _module_preset=\u00bbdefault\u00bb global_colors_info=\u00bb{}\u00bb][\/et_pb_image][et_pb_text _builder_version=\u00bb4.23.1&#8243; _module_preset=\u00bbdefault\u00bb global_colors_info=\u00bb{}\u00bb]<\/p>\n<p>Solecopedia es un wiki\/l\u00e9xico sobre ESS que pretende encontrar definiciones comunes y ejemplos sobre las diferentes tem\u00e1ticas relacionadas con la ESS.<\/p>\n<p>Para visitar Solecopedia presione <a href=\"https:\/\/solecopedia.socioeco.org\"><span style=\"color: #0000ff\">aqu\u00ed<\/span><br \/><\/a>(principalmente en ingl\u00e9s por el momento)<\/p>\n<p>[\/et_pb_text][\/et_pb_column][\/et_pb_row][\/et_pb_section]<\/p>\n","protected":false},"excerpt":{"rendered":"<p>Ripess Europa tiene un canal Youtube d\u00f3nde se pueden ver videos de entrevistas a sus miembros y webinarios. Para ver los videos de youtube presione aqu\u00edUn centro de recursos sobre [&hellip;]<\/p>\n","protected":false},"author":27,"featured_media":0,"parent":0,"menu_order":0,"comment_status":"closed","ping_status":"closed","template":"","meta":{"_et_pb_use_builder":"on","_et_pb_old_content":"","_et_gb_content_width":"","footnotes":""},"class_list":["post-2806","page","type-page","status-publish","hentry"],"_links":{"self":[{"href":"https:\/\/dev.eu.ripess.rio20.net\/es\/wp-json\/wp\/v2\/pages\/2806"}],"collection":[{"href":"https:\/\/dev.eu.ripess.rio20.net\/es\/wp-json\/wp\/v2\/pages"}],"about":[{"href":"https:\/\/dev.eu.ripess.rio20.net\/es\/wp-json\/wp\/v2\/types\/page"}],"author":[{"embeddable":true,"href":"https:\/\/dev.eu.ripess.rio20.net\/es\/wp-json\/wp\/v2\/users\/27"}],"replies":[{"embeddable":true,"href":"https:\/\/dev.eu.ripess.rio20.net\/es\/wp-json\/wp\/v2\/comments?post=2806"}],"version-history":[{"count":0,"href":"https:\/\/dev.eu.ripess.rio20.net\/es\/wp-json\/wp\/v2\/pages\/2806\/revisions"}],"wp:attachment":[{"href":"https:\/\/dev.eu.ripess.rio20.net\/es\/wp-json\/wp\/v2\/media?parent=2806"}],"curies":[{"name":"wp","href":"https:\/\/api.w.org\/{rel}","templated":true}]}}