{"id":2778,"date":"2014-05-28T15:26:21","date_gmt":"2014-05-28T13:26:21","guid":{"rendered":"http:\/\/www.ripess.eu\/gobernanza\/comite-de-coordinacion\/"},"modified":"2022-04-11T11:02:29","modified_gmt":"2022-04-11T10:02:29","slug":"comite-de-coordinacion","status":"publish","type":"page","link":"https:\/\/dev.eu.ripess.rio20.net\/es\/gobernanza\/comite-de-coordinacion\/","title":{"rendered":"Comit\u00e9 de Coordinaci\u00f3n"},"content":{"rendered":"<p>El Comit\u00e9 de Coordinaci\u00f3n de RIPESS EU &#8211; Solidarity Economy Europe est\u00e1 compuesto de 7 a 15 miembros elejidos por la Asamblea General, con un delegado principal y uno secundario. El mandato es de 3 a\u00f1os; los miembros hoy, despu\u00e9s de la AG de 2019 en Lyon (Francia), en julio de 2019, son :<\/p>\n<p><strong><img loading=\"lazy\" decoding=\"async\" width=\"90\" height=\"90\" class=\"alignleft wp-image-3199\" src=\"https:\/\/europe.ripess.rio20.net\/wp-content\/uploads\/sites\/4\/2014\/05\/thumbnail_IMG_20160616_220537-90x90.jpg\" alt=\"\" \/>Dra\u017een \u0160imle\u0161a, <b><span style=\"color: #191e23\">coordinador general.<br \/>\n<\/span><\/b><\/strong>Representa Good Economy Forum en Croatia. Nacido en 1976 y hasta la fecha criando dos ni\u00f1os maravillosos <span>Bjanka and Mikula. En la Universidad de Filosof\u00eda, Departamento de Sociolog\u00eda termin\u00f3 un MA y doctorado. Trabaja como investigador asociado en el Instituto de Ciencias Sociales Ivo Pilar en Zagreb donde dirige un proyecto (PRESENT &#8211; Proyecto de Instalaci\u00f3n para Investigaci\u00f3n sobre Empresariado Social financiado por la Fundaci\u00f3n de Ciencias Croata y un proyecto Interreg EU INNO-WISEs. Principal \u00e1rea de trabajo e inter\u00e9s: globalizaci\u00f3n, sustentabilidad, econom\u00eda y permacultura. Entre estas \u00e1reas escribi\u00f3 6 libros y varios papers cient\u00edficos. Los \u00faltimos libros son Huella Ecol\u00f3gica &#8211; c\u00f3mo el desarrollo aplasta la sustentabilidad y en 2016 Good Economy (Buena Econom\u00eda). Ense\u00f1a estudios de Paz en Zagreb y ha dado muchas conferencias en Croacia. Es un miembro activo de iniciativas ciudadanas y organizaciones y trabaja como voluntariio en la Red verde de Grupos Activistas (GNAG y como Presidente de la Cooperativa Good Economy.<\/span><\/p>\n<p><img loading=\"lazy\" decoding=\"async\" width=\"90\" height=\"90\" class=\"alignleft wp-image-976 size-thumbnail\" src=\"https:\/\/europe.ripess.rio20.net\/wp-content\/uploads\/sites\/4\/2014\/05\/jason-nardi-90x90.jpg\" alt=\"\" srcset=\"https:\/\/dev.eu.ripess.rio20.net\/wp-content\/uploads\/sites\/4\/2014\/05\/jason-nardi-90x90.jpg 90w, https:\/\/dev.eu.ripess.rio20.net\/wp-content\/uploads\/sites\/4\/2014\/05\/jason-nardi.jpg 150w\" sizes=\"(max-width: 90px) 100vw, 90px\" \/>J<strong>ason Nardi, delegado general<br \/>\n<\/strong>Jason representa Solidarius Italia y hace parte del Comit\u00e9 Ejecutivo del RIPESS Intercontinental. Defensor de la justicia social, las finanzas \u00e9ticas y los derechos a la comunicaci\u00f3n, es un miembro activo del Consejo Internacional del Foro Social Mundial, ha sido organizador de Terra Futura\u00a0 (evento anual en Italia sobre la ESS con m\u00e1s de 50 000 participantes) y co-cre\u00f3 Zoes.org &#8211; la primera red social italiana para la ESS. Con antecedentes en Comunicaci\u00f3n y media (Princeton University, USA y un Master en la Universidad de Florencia), fue director del centro italiano de Oneworld.net &#8211; Unimondo (<a href=\"http:\/\/www.unimondo.org\">www.unimondo.org<\/a>).. recientemente ha sido trabajando sobre una aplicaci\u00f3n para mapear las initiatvas de ESS a nivel europeo (Go-fair.eu) y un juego sobre Banca Etica. Jason hace hoy parte del concejo ejecutivo de la ong italiana COSPE (cospe.org) y de una cooperativa de catering org\u00e1nica y justa (zenzerocooperativa.it), y tambi\u00e9n es coordinador de la coalici\u00f3n italiana Social Watch. En su ciudad Florencia (Italia), promueve\u00a0 la red de agricultura apoyada por los ciudadanos (CSA los GAS) y el Distrito de Econom\u00eda Solidaria. es tambi\u00e9n un formador en t\u00f3picos de Econom\u00eda Solidaria y co-fundi\u00f3 Solidarius en Italia (solidarius.it), una organizaci\u00f3n de investigaci\u00f3n y consultor\u00eda para ayudar a desarrollar redes de econom\u00eda solidaria, parte de la red internacional basada en Brasil (Solidarius.net)<\/p>\n<p><img loading=\"lazy\" decoding=\"async\" width=\"110\" height=\"147\" class=\"wp-image-21073 size-full alignleft\" src=\"https:\/\/europe.ripess.rio20.net\/wp-content\/uploads\/sites\/4\/2020\/10\/Josette-Combes.jpg\" alt=\"\" \/><\/p>\n<p><strong>Josette Combes, coordinadora comunicaci\u00f3n<br \/>\n<\/strong>Josette representa la red francesa MES. Tiene un Master en Socioling\u00fcistica y fue responsable de un programa nacional de desarrollo en vivienda social dise\u00f1ado para la creaci\u00f3n de espacios para la primera infancia con compromiso de los padres (creaci\u00f3n o reestructuraci\u00f3n de m\u00e1s de 45 espacios en Francia). De 1990 a 1998 contribuy\u00f3 como experto en el trabajo del Centro de Investigaci\u00f3n de la OCDE (Programa para la coodinaci\u00f3n de servicios para ni\u00f1os en situaciones de riesgos). Basada en Occitania desde 1994, trabaj\u00f3 como consultora en distintas organizaciones de la regi\u00f3n, hablando de t\u00f3picos como el intercambio cultural, la metodolog\u00eda de proyecto y el desarrollo de la econom\u00eda social y fue responsable de investigaci\u00f3n acci\u00f3n\/evaluaci\u00f3n para varias autoridades locales. Entre 2000 y 2002, como Profesora asociada a la Universidad de Toulouse, ense\u00f1o metodolog\u00eda de proyecto en econom\u00eda social y econom\u00edas del desarrollo centrada en iniciativas comunitarias de base. En la actualidad es miembro del consejo ejecutivo del MES (Movimiento por la Econom\u00eda Solidaria, Francia) y miembro del Comit\u00e9 de Animaci\u00f3n y Gesti\u00f3n del RIUESS &#8211; Red Interuniversitaria de la ESS.<\/p>\n<p><strong><img loading=\"lazy\" decoding=\"async\" width=\"90\" height=\"90\" class=\"alignleft size-thumbnail wp-image-3150\" src=\"https:\/\/europe.ripess.rio20.net\/wp-content\/uploads\/sites\/4\/2014\/05\/bruno_lasnier-90x90.jpg\" alt=\"Bruno Lasnier (Le MES)\" srcset=\"https:\/\/dev.eu.ripess.rio20.net\/wp-content\/uploads\/sites\/4\/2014\/05\/bruno_lasnier-90x90.jpg 90w, https:\/\/dev.eu.ripess.rio20.net\/wp-content\/uploads\/sites\/4\/2014\/05\/bruno_lasnier-288x290.jpg 288w\" sizes=\"(max-width: 90px) 100vw, 90px\" \/>Bruno Lasnier, Tesorero<br \/>\n<\/strong>Nacido en 1960 en Par\u00eds, Bruno Lasnier trabaj\u00f3 para M\u00e9decins Sans Fronti\u00e8res (M\u00e9dicos sin fronteras) entre 1994 y 2002, a cargo de un programa de reducci\u00f3n de riesgos para drogadictos dentro de la Misi\u00f3n en Francia, luego en el programa de rehabilitaci\u00f3n en salud del establecimiento penal y correccional de Abidjan en la Costa de M\u00e1rfil. En enero 2003, se volvi\u00f3 Director de la Agencia de Provence para una econom\u00eda alternativa y solidaria (APEAS). En 2004 se volvi\u00f3 miembro del Comite ejecutivo del MES &#8211; moviemnto nacional de Econom\u00eda Solidaria en Francia, donde act\u00faa como Presidente desde 2008. En la actualidad, Bruno es el coordinador nacional del MES.<\/p>\n<p><strong><img loading=\"lazy\" decoding=\"async\" width=\"616\" height=\"599\" class=\"alignleft wp-image-878 size-thumbnail\" src=\"https:\/\/europe.ripess.rio20.net\/wp-content\/uploads\/sites\/4\/2014\/05\/jpg-90x90.\" alt=\"Eric Lavilluniere\" srcset=\"https:\/\/dev.eu.ripess.rio20.net\/wp-content\/uploads\/sites\/4\/2014\/05\/jpg-300x291. 300w, https:\/\/dev.eu.ripess.rio20.net\/wp-content\/uploads\/sites\/4\/2014\/05\/jpg 616w\" sizes=\"(max-width: 616px) 100vw, 616px\" \/>Eric LAVILLUNIERE representa INEES (Luxemburgo).<\/strong> Tiene un Master \u00abEconom\u00eda Social y Desarrollo Local\u00bb de la Universidad de Paris XII (1986). Empez\u00f3 su compromiso militante a principios de los 90 dentro\u00a0 de la Red para una Econom\u00eda Alternativa y Solidaria (REAS in Francia, luego MB2). Facilit\u00f3 un Polo de econom\u00eda solidaria en Auvergne y acompa\u00f1\u00f3 el desarrollo de varios proyectos en agricultura org\u00e1nica, comercio justo, cultura, energ\u00eda a base de le\u00f1a. Trabaj\u00f3 en la CECOP (Confederaci\u00f3n Europea de Cooperativas de Producci\u00f3n) en Bruselas desde 2001 principalmente en temas de responsabilidad social de las empresas, empresas sociales y la relaci\u00f3n con los movimientos sociales incluyendo los Foros Sociales Europeos. <span style=\"float: none;background-color: transparent;color: #191e23;cursor: text;font-family: 'Noto Serif';font-size: 16px;font-style: normal;font-variant: normal;font-weight: 400;letter-spacing: normal;text-align: left;text-decoration: none;text-indent: 0px;text-transform: none\">Entr\u00f3 en INEES en Luxemburgo a principios de 2006 para promover la econom\u00eda solidaria en cuanto tercer pilar econ\u00f3mico entre el sector privado y la econom\u00eda p\u00fablica. Despu\u00e9s de organizar el 4\u00b0Congreso Internacional sobre \u00abGlobalizaci\u00f3n de la Solidaridad\u00bb en Schifflange en 2009,fue uno de los fundadores de RIPESS Europa en 2011. En 2010 INESS tambi\u00e9n organiz\u00f3 el 10\u00b0 encuentro de la red interuniversitaria RIUESS, con la Universidad de Luxemburgo. Protagonista de una din\u00e1mica europea dentro de RIPESS Europa, Eric Lavlluni\u00e8re promovi\u00f3 la educacion popular, inspirada del educador brasilero Paulo Freire. Est\u00e1 tambi\u00e9n muy comprometido con el Transition Minett que est\u00e1 involucrado en el movimiento de las Ciudades en transici\u00f3n.<\/span><\/p>\n<p><img loading=\"lazy\" decoding=\"async\" width=\"90\" height=\"90\" class=\"alignleft size-thumbnail wp-image-3152\" src=\"https:\/\/europe.ripess.rio20.net\/wp-content\/uploads\/sites\/4\/2014\/05\/Patricia-Coler-90x90.jpg\" alt=\"Patricia Coler\" \/><strong>Patrica Coler, representa UFISC<\/strong> (Uni\u00f3n Federal de Intervenci\u00f3n de la Estructuras Culturales).<\/p>\n<p>Patricia es la delegada general de UFISC y Presidente del MES &#8211; Movimiento de la Econom\u00eda Solidaria, Francia.<\/p>\n<p>.<\/p>\n<p><img loading=\"lazy\" decoding=\"async\" width=\"300\" height=\"300\" class=\"alignleft wp-image-29426\" src=\"https:\/\/ripess.eu\/wp-content\/uploads\/sites\/4\/2022\/03\/Ruby.jpg\" alt=\"\" \/><\/p>\n<p><strong>Ruby Van Der WEKKEN representa a URGENCI.<\/strong><br \/>\n(under construction)<\/p>\n<p>&nbsp;<\/p>\n<p>&nbsp;<\/p>\n<p><strong><img loading=\"lazy\" decoding=\"async\" width=\"90\" height=\"90\" class=\"alignleft size-thumbnail wp-image-882\" src=\"https:\/\/europe.ripess.rio20.net\/wp-content\/uploads\/sites\/4\/2014\/05\/img-berenice-90x90.jpg\" alt=\"\" srcset=\"https:\/\/dev.eu.ripess.rio20.net\/wp-content\/uploads\/sites\/4\/2014\/05\/img-berenice-90x90.jpg 90w, https:\/\/dev.eu.ripess.rio20.net\/wp-content\/uploads\/sites\/4\/2014\/05\/img-berenice-297x300.jpg 297w, https:\/\/dev.eu.ripess.rio20.net\/wp-content\/uploads\/sites\/4\/2014\/05\/img-berenice.jpg 595w\" sizes=\"(max-width: 90px) 100vw, 90px\" \/>Berenice Dondeyne representa ADEPES<\/strong> en el RIPESS Europa. De momento es directora de NOVETAT, Instituto de Investigaci\u00f3n y Desarrollo en Econom\u00eda Solidaria en Midi-Pyr\u00e9n\u00e9es (fundado por emprendimientos sociales y solidarios, acad\u00e9micos y consultores en las \u00e1reas de Desarrollo Local, Econom\u00eda Social y Solidaria y planificaci\u00f3n). Desde 2011 Berenice es presidente de ADEPES &#8211; Agencia para el Desarrollo y la Promoci\u00f3n de la Econom\u00eda Solidaria en Midi-Pyr\u00e9n\u00e9es (4 empleados, 8 redes de 760 actores y emprendimientos sociales y solidarios). Profesional y activista, tiene experiencia en implementar pol\u00edticas de desarrollo local y en la promoci\u00f3n de la econom\u00eda solidaria, en particular dentro de organizaciones registradas en el campo de la formaci\u00f3n profesional e inclusi\u00f3n social.<\/p>\n<p><img decoding=\"async\" class=\"alignleft\" src=\"https:\/\/europe.ripess.rio20.net\/wp-content\/uploads\/sites\/4\/2018\/12\/jeanrossiaud.jpg\" alt=\"\" \/><strong>Jean ROSSIAUD<\/strong> representa a la <strong>APRES-GE<\/strong> (Chambre de l&#8217;ESS de Gen\u00e8ve), as\u00ed como al Monnaies Leman.<br \/>\nJean es activo en muchos campos sociales, desde el movimiento por la paz hasta su compromiso pol\u00edtico ambiental.\u00a0 Coordinador del Foro para una Nueva Gobernanza Mundial, desde abril de 2013, Jean Rossiaud se convirti\u00f3 en codirector, en mayo de 2015 con Arnaud Blin (Nueva York), del Foro Democr\u00e1tico Mundial. Jean tiene tres maestr\u00edas en ciencias pol\u00edticas, derecho y sociolog\u00eda y tambi\u00e9n tiene un doctorado en econom\u00eda y ciencias sociales de la Universidad de Ginebra (2006). De 1988 a 1996 fue asistente y luego asociado del soci\u00f3logo y pol\u00edtico suizo Jean Ziegler.<\/p>\n<p><strong><img loading=\"lazy\" decoding=\"async\" width=\"90\" height=\"90\" class=\"alignleft size-thumbnail wp-image-5598\" src=\"https:\/\/europe.ripess.rio20.net\/wp-content\/uploads\/sites\/4\/2019\/07\/Picture_Elena-90x90.jpg\" alt=\"Elena\" \/>Elena TZAMOURANOU representa a DOCK Zone (Grecia).<br \/>\n<\/strong>Nacida en 1979, es licenciada en Ingenier\u00eda por el Departamento de Ingenier\u00eda Mec\u00e1nica y Aeron\u00e1utica de la Escuela Polit\u00e9cnica de Patras. Actualmente est\u00e1 terminando su maestr\u00eda en gesti\u00f3n empresarial responsable en la Universidad Steinbeis de Berl\u00edn. Su experiencia profesional en gesti\u00f3n de proyectos, gesti\u00f3n de desarrollo de productos e ingenier\u00eda pre-venta fue seguida por el desarrollo de negocios en el campo de las telecomunicaciones. En cuanto a la ESS, desde 2011 busca alternativas comerciales y desde hace 4 a\u00f1os apoya a los peque\u00f1os productores de Grecia a trav\u00e9s de la red de cooperativas Red de Comercio Alternativo, de la que es cofundadora. En los \u00faltimos tres a\u00f1os, ha co-creado la estructura de apoyo de SSE Dock, forma parte del equipo de gesti\u00f3n y apoya iniciativas y grupos para convertirse en empresas activas en el campo de la ESS. Al mismo tiempo, ense\u00f1a \u00abgesti\u00f3n de la peque\u00f1a empresa\u00bb y \u00absostenibilidad\u00bb como educadora profesional y es consultora t\u00e9cnica y cient\u00edfica en gesti\u00f3n, responsabilidad y sostenibilidad.<strong>\u00a0<\/strong><\/p>\n<p><strong><a href=\"https:\/\/europe.ripess.rio20.net\/wp-content\/uploads\/sites\/4\/2019\/08\/Olivia_Mailfert.jpg\"><img loading=\"lazy\" decoding=\"async\" width=\"90\" height=\"90\" class=\"alignleft size-thumbnail wp-image-5611\" src=\"https:\/\/europe.ripess.rio20.net\/wp-content\/uploads\/sites\/4\/2019\/08\/Olivia_Mailfert-90x90.jpg\" alt=\"\" \/><\/a>Olivia MAILFERT representa a APES HDF (Francia) en RIPESS EU.<\/strong><\/p>\n<p>Olivia trabaja en programas de ESS en APES, Lille.<\/p>\n<p><strong><img loading=\"lazy\" decoding=\"async\" width=\"300\" height=\"225\" class=\"wp-image-21034 alignleft\" src=\"https:\/\/europe.ripess.rio20.net\/wp-content\/uploads\/sites\/4\/2020\/10\/Sofia-redpes-portugal-coco-member-300x225.jpg\" alt=\"\" srcset=\"https:\/\/dev.eu.ripess.rio20.net\/wp-content\/uploads\/sites\/4\/2020\/10\/Sofia-redpes-portugal-coco-member-300x225.jpg 300w, https:\/\/dev.eu.ripess.rio20.net\/wp-content\/uploads\/sites\/4\/2020\/10\/Sofia-redpes-portugal-coco-member-768x576.jpg 768w, https:\/\/dev.eu.ripess.rio20.net\/wp-content\/uploads\/sites\/4\/2020\/10\/Sofia-redpes-portugal-coco-member-750x563.jpg 750w, https:\/\/dev.eu.ripess.rio20.net\/wp-content\/uploads\/sites\/4\/2020\/10\/Sofia-redpes-portugal-coco-member.jpg 960w\" sizes=\"(max-width: 300px) 100vw, 300px\" \/>Sof\u00eda PEREIRA representa a REDPES (Portugal).<br \/>\n<\/strong>Sof\u00eda Pereira es licenciada en Criminolog\u00eda y tiene una maestr\u00eda en Econom\u00eda Social. Despu\u00e9s de concluir una pasant\u00eda curricular en la prisi\u00f3n de Oporto, comenz\u00f3 a trabajar en el Tercer Sector. Actualmente, trabaja en APDES &#8211; una ONG para el desarrollo con sede en Oporto (Portugal). Coordina el proyecto europeo SSE VET 2 &#8211; Refuerzo de las competencias y de las habilidades de los formadores, destinado a promover la Econom\u00eda Social y Solidaria en Europa, a trav\u00e9s de la formaci\u00f3n de formadores en esta \u00e1rea tem\u00e1tica.<strong><br \/>\n<\/strong><\/p>\n<p><img loading=\"lazy\" decoding=\"async\" width=\"90\" height=\"90\" class=\"alignleft size-thumbnail wp-image-2075\" src=\"https:\/\/europe.ripess.rio20.net\/wp-content\/uploads\/sites\/4\/2014\/05\/FOT549-90x90.jpg\" alt=\"\" \/><\/p>\n<p><strong>Laura AUFRERE est\u00e1 presente como experta<\/strong> en el Comit\u00e9 de Coordinaci\u00f3n. Laura estudi\u00f3 ciencias pol\u00edticas y trabaj\u00f3 durante 10 a\u00f1os en el sector cultural, incluyendo 5 a\u00f1os como coordinadora para la confederaci\u00f3n\u00a0 francesa de organizaciones empleadoras de artes esc\u00e9nicas\/visuales, representando micro y peque\u00f1as empresas sin meta de lucro en econom\u00eda solidaria UFISC). Est\u00e1 terminando ahora su doctorado <span class=\"s1\"><span style=\"font-family: Liberation Sans\">(CEPN &#8211; Paris 13)<\/span><\/span>, trabajando sobre econom\u00eda solidaria y comunes en el sector cultural y arti\u00edstico (iniciativas colectivas y comunes, mecanismos de cooperaci\u00f3n, gobernanza, protecci\u00f3n social, modelos sociales de solidaridad, modelos econ\u00f3micos, etc.)<\/p>\n","protected":false},"excerpt":{"rendered":"<p>El Comit\u00e9 de Coordinaci\u00f3n de RIPESS EU &#8211; Solidarity Economy Europe est\u00e1 compuesto de 7 a 15 miembros elejidos por la Asamblea General, con un delegado principal y uno secundario. [&hellip;]<\/p>\n","protected":false},"author":4,"featured_media":0,"parent":2777,"menu_order":0,"comment_status":"closed","ping_status":"closed","template":"","meta":{"_et_pb_use_builder":"","_et_pb_old_content":"","_et_gb_content_width":"","footnotes":""},"class_list":["post-2778","page","type-page","status-publish","hentry"],"_links":{"self":[{"href":"https:\/\/dev.eu.ripess.rio20.net\/es\/wp-json\/wp\/v2\/pages\/2778"}],"collection":[{"href":"https:\/\/dev.eu.ripess.rio20.net\/es\/wp-json\/wp\/v2\/pages"}],"about":[{"href":"https:\/\/dev.eu.ripess.rio20.net\/es\/wp-json\/wp\/v2\/types\/page"}],"author":[{"embeddable":true,"href":"https:\/\/dev.eu.ripess.rio20.net\/es\/wp-json\/wp\/v2\/users\/4"}],"replies":[{"embeddable":true,"href":"https:\/\/dev.eu.ripess.rio20.net\/es\/wp-json\/wp\/v2\/comments?post=2778"}],"version-history":[{"count":0,"href":"https:\/\/dev.eu.ripess.rio20.net\/es\/wp-json\/wp\/v2\/pages\/2778\/revisions"}],"up":[{"embeddable":true,"href":"https:\/\/dev.eu.ripess.rio20.net\/es\/wp-json\/wp\/v2\/pages\/2777"}],"wp:attachment":[{"href":"https:\/\/dev.eu.ripess.rio20.net\/es\/wp-json\/wp\/v2\/media?parent=2778"}],"curies":[{"name":"wp","href":"https:\/\/api.w.org\/{rel}","templated":true}]}}