{"id":2769,"date":"2014-05-27T12:20:39","date_gmt":"2014-05-27T11:20:39","guid":{"rendered":"http:\/\/www.ripess.eu\/actividades\/"},"modified":"2021-08-24T10:22:31","modified_gmt":"2021-08-24T09:22:31","slug":"actividades","status":"publish","type":"page","link":"https:\/\/dev.eu.ripess.rio20.net\/es\/actividades\/","title":{"rendered":"Actividades"},"content":{"rendered":"<p>Como red de organizaciones y redes, las actividades de RIPESS Europa pretenden ayudar a todas las formas de colaboraci\u00f3n, apoyo mutuo, intercambio de conocimientos y defensa com\u00fan con y por sus miembros.<\/p>\n<p>En particular, los principales \u00e1mbitos de actuaci\u00f3n giran en torno a<\/p>\n<ul>\n<li>Proyectos de colaboraci\u00f3n<\/li>\n<li>Estudios e intercambio de conocimientos sobre sectores y temas como la agroecolog\u00eda, el comercio justo, el turismo solidario, la cooperaci\u00f3n territorial, los bienes comunes, el ecofeminismo, las pol\u00edticas p\u00fablicas, las finanzas \u00e9ticas, las plataformas cooperativas, etc.<\/li>\n<li>Cartograf\u00eda de los actores y pr\u00e1cticas de la ESS en Europa<\/li>\n<li>Campa\u00f1as y convergencias<\/li>\n<li>Comunicaci\u00f3n<\/li>\n<li>Eventos en red<\/li>\n<li>Investigaci\u00f3n y educaci\u00f3n (academia, formaci\u00f3n, seminarios web&#8230;)<\/li>\n<\/ul>\n","protected":false},"excerpt":{"rendered":"<p>Como red de organizaciones y redes, las actividades de RIPESS Europa pretenden ayudar a todas las formas de colaboraci\u00f3n, apoyo mutuo, intercambio de conocimientos y defensa com\u00fan con y por [&hellip;]<\/p>\n","protected":false},"author":1,"featured_media":0,"parent":0,"menu_order":0,"comment_status":"closed","ping_status":"closed","template":"","meta":{"_et_pb_use_builder":"","_et_pb_old_content":"","_et_gb_content_width":"","footnotes":""},"class_list":["post-2769","page","type-page","status-publish","hentry"],"_links":{"self":[{"href":"https:\/\/dev.eu.ripess.rio20.net\/es\/wp-json\/wp\/v2\/pages\/2769"}],"collection":[{"href":"https:\/\/dev.eu.ripess.rio20.net\/es\/wp-json\/wp\/v2\/pages"}],"about":[{"href":"https:\/\/dev.eu.ripess.rio20.net\/es\/wp-json\/wp\/v2\/types\/page"}],"author":[{"embeddable":true,"href":"https:\/\/dev.eu.ripess.rio20.net\/es\/wp-json\/wp\/v2\/users\/1"}],"replies":[{"embeddable":true,"href":"https:\/\/dev.eu.ripess.rio20.net\/es\/wp-json\/wp\/v2\/comments?post=2769"}],"version-history":[{"count":0,"href":"https:\/\/dev.eu.ripess.rio20.net\/es\/wp-json\/wp\/v2\/pages\/2769\/revisions"}],"wp:attachment":[{"href":"https:\/\/dev.eu.ripess.rio20.net\/es\/wp-json\/wp\/v2\/media?parent=2769"}],"curies":[{"name":"wp","href":"https:\/\/api.w.org\/{rel}","templated":true}]}}