{"id":2766,"date":"2014-05-27T11:07:48","date_gmt":"2014-05-27T09:07:48","guid":{"rendered":"http:\/\/www.ripess.eu\/quienes-somos\/"},"modified":"2023-11-03T10:41:09","modified_gmt":"2023-11-03T09:41:09","slug":"quienes-somos","status":"publish","type":"page","link":"https:\/\/dev.eu.ripess.rio20.net\/es\/quienes-somos\/","title":{"rendered":"Qui\u00e9nes somos"},"content":{"rendered":"<div class=\"csc-header csc-header-n1\">\n<h1 class=\"csc-firstHeader\">RIPESS Europa &#8211; Econom\u00eda Solidaria Europa<\/h1>\n<\/div>\n<p>RIPESS Europa &#8211; Solidarity Economy Europe es la red europea de organizaciones de la <strong>Econom\u00eda Social Solidaria (parte de la red<\/strong> RIPESS Intercontinental), que re\u00fane a m\u00e1s de 40 redes nacionales, sectoriales e intersectoriales en varios pa\u00edses europeos. Su objetivo es compartir pr\u00e1cticas, intercooperar y participar en acciones conjuntas que puedan promover y mejorar la visibilidad del movimiento de la Econom\u00eda Solidaria y contribuir a los marcos legales y las pol\u00edticas p\u00fablicas.<\/p>\n<p>RIPESS Europa es una organizaci\u00f3n sin \u00e1nimo de lucro legalmente inscrita en Luxemburgo y en el <strong><a href=\"https:\/\/ec.europa.eu\/transparencyregister\/public\/homePage.do?redir=false&amp;locale=es#es\"><span style=\"color: #0000ff\">Registro Europeo de Transparencia<\/span><\/a><br \/>\n<\/strong>.<\/p>\n<p><strong>Breve rese\u00f1a<\/strong><\/p>\n<p><strong>La Red Intercontinental para la Promoci\u00f3n de la Econom\u00eda Social Solidaria es una red formada por una organizaci\u00f3n por continente. Re\u00fane a asociaciones continentales de actores y redes con el objetivo de<\/strong> <strong> construir una visi\u00f3n compartida de la ESS basada en sus <\/strong><strong>experiencias socioecon\u00f3micas de terreno: un modelo pol\u00edtico que garantice los derechos humanos fundamentales, la democracia y un espacio para la transformaci\u00f3n social, econ\u00f3mica y ecol\u00f3gica.<\/strong><\/p>\n<p><strong>RIPESS Europa &#8211; Solidarity Economy Europe<\/strong> nace de la sinergia producida por los encuentros de la Globalizaci\u00f3n de la Solidaridad organizados por la red intercontinental RIPESS Intercontinental, el primero de los cuales tuvo lugar en Lima en 1997. El 4\u00ba Foro Internacional de \u00abGlobalizaci\u00f3n de la Solidaridad\u00bb, Lux&#8217;09, que tuvo lugar en Schifflange en abril de 2009, condujo al lanzamiento de una din\u00e1mica mediante el establecimiento de la confianza y el conocimiento compartido entre las redes de la econom\u00eda social y solidaria (ESS) a nivel continental e intercontinental. Durante esta reuni\u00f3n, Eric Lavilluni\u00e8re (INEES) y Christine Gent (WFTO) iniciaron la estructuraci\u00f3n de una plataforma europea de RIPESS.<\/p>\n<p>En Barcelona, en 2011, naci\u00f3 RIPESS Europa. Participaron representantes de redes de B\u00e9lgica, Catalu\u00f1a, Francia, Espa\u00f1a, Hungr\u00eda, Italia, Luxemburgo, Portugal, Ruman\u00eda y Alemania.<\/p>\n<p><strong>Visi\u00f3n<\/strong><\/p>\n<p><strong>Construyendo la red: RIPESS Europa &#8211; Solidarity Economy Europe<\/strong><\/p>\n<p>RIPESS utiliza el t\u00e9rmino econom\u00eda social solidaria (ESS) para abarcar tanto la econom\u00eda solidaria como la visi\u00f3n hist\u00f3rica de la econom\u00eda social. Definir el marco de la econom\u00eda social y solidaria es un proceso largo y continuo.<\/p>\n<p>Las realidades pol\u00edticas, culturales e hist\u00f3ricas de cada continente y de los diferentes pa\u00edses exigen un enfoque flexible de la terminolog\u00eda, que permita tener en cuenta los contextos locales.<\/p>\n<p><strong>Para los miembros de RIPESS Europa, la econom\u00eda solidaria constituye una base que abarca las siguientes dimensiones <\/strong><strong>:<\/strong> econom\u00eda participativa de los ciudadanos, democracia en el lugar de trabajo, justicia social, soberan\u00eda alimentaria, respeto de los derechos humanos -especialmente para las minor\u00edas-, igualdad de g\u00e9nero y orientaci\u00f3n sexual, y finalmente justicia ecol\u00f3gica y ambiental. La econom\u00eda solidaria es considerada la econom\u00eda del futuro.<\/p>\n<p>La red RIPESS Europa vincula a las organizaciones de la econom\u00eda social y a las redes de la econom\u00eda solidaria que comparten estos valores e incluye organizaciones territoriales y redes sectoriales.<\/p>\n<p><strong>Objetivos<\/strong><\/p>\n<p>RIPESS Europa &#8211; Solidarity Economy Europe, tiene como objetivo vincular a profesionales, te\u00f3ricxs y responsables pol\u00edticxs de la econom\u00eda solidaria para promover y desarrollar la ESS a trav\u00e9s del intercambio de pr\u00e1cticas y el compromiso con acciones compartidas.<\/p>\n<p>La red tiene como objetivo promover modos alternativos de producci\u00f3n, consumo, ahorro e intercambio para construir una econom\u00eda m\u00e1s equitativa y un desarrollo solidario.<\/p>\n<p>RIPESS organiza una reuni\u00f3n anual dedicada a la revisi\u00f3n de su estrategia, que se renueva cada tres a\u00f1os y evoluciona seg\u00fan el contexto europeo e internacional.<\/p>\n<p><strong>Los objetivos se pueden resumir en tres categor\u00edas:<\/strong><\/p>\n<p><strong>1. Promover los ecosistemas territoriales y apoyar el surgimiento de nuevas redes organizando su intercooperaci\u00f3n econ\u00f3mica.<\/strong><\/p>\n<p>1.1 Apoyar el mapeo de iniciativas que permitan a los miembros conocerse mejor e intercambiar bienes, servicios y competencias, as\u00ed como mejorar sus actividades y fomentar su difusi\u00f3n;<\/p>\n<p>1.2 Mejorar continuamente las herramientas de comunicaci\u00f3n mediante el uso y el suministro de herramientas digitales colaborativas;<\/p>\n<p>1.3 Fortalecer la investigaci\u00f3n conjuntamente con el Comit\u00e9 Cient\u00edfico (ver gobernanza);<\/p>\n<p><strong>2. Continuar trabajando para desarrollar y obtener el reconocimiento de la econom\u00eda solidaria mediante el trabajo conjunto con lxs actorxs de las pol\u00edticas p\u00fablicas<\/strong><\/p>\n<p>2.1 Fomentar la participaci\u00f3n de los miembros en sus contextos para construir conjuntamente pol\u00edticas p\u00fablicas y herramientas de evaluaci\u00f3n pertinentes a partir del desarrollo colectivo y la participaci\u00f3n de diversos actores;<\/p>\n<p>2.2 Recopilar y compartir sistem\u00e1ticamente lo que cada pa\u00eds est\u00e1 poniendo en marcha en conjunto con diversos actores para promover el desarrollo de la ESS;<\/p>\n<p>2.3 Organizar y supervisar los movimientos de los \u00f3rganos e instituciones pol\u00edticas, e intervenir siempre que sea necesario para defender los intereses de lxs actorxs de la ESS mediante la publicaci\u00f3n de art\u00edculos y\/o el cuestionamiento de los representantes electos;<\/p>\n<p>2.4 Trabajar con otras redes y centros de investigaci\u00f3n europeos que compartan nuestros valores para la defensa colectiva de la ESS;<\/p>\n<p>2.5 Desarrollar la cooperaci\u00f3n territorial orientada a la promoci\u00f3n de los ecosistemas de la econom\u00eda solidaria;<\/p>\n<p>2.6 Fortalecer los v\u00ednculos con la prensa alternativa y otros medios de comunicaci\u00f3n;<\/p>\n<p><strong>3. Crear y fortalecer alianzas<\/strong><\/p>\n<p>3.1 Asociar la Asamblea General de RIPESS EU a un evento nacional dirigido por uno de sus miembros;<\/p>\n<p>3.2 Construir una agenda colectiva de eventos apoyados por diferentes organizaciones que trabajan por la transformaci\u00f3n econ\u00f3mica;<\/p>\n<p>3.3 Promover la participaci\u00f3n democr\u00e1tica de lxs ciudadanxs y la autoorganizaci\u00f3n como motores clave del cambio sist\u00e9mico;<\/p>\n<p>3.4 Desarrollar m\u00f3dulos de capacitaci\u00f3n dirigidos a un p\u00fablico amplio y diverso;<\/p>\n<p>3.5 Aumentar las oportunidades para la experiencia, la cooperaci\u00f3n y la participaci\u00f3n activa de los j\u00f3venes como base para la creaci\u00f3n de redes y la creaci\u00f3n de una plataforma de ESS para los j\u00f3venes;<\/p>\n<p>3.6 Lanzar seminarios web para apoyar todos los objetivos anteriores.<\/p>\n","protected":false},"excerpt":{"rendered":"<p>RIPESS Europa &#8211; Econom\u00eda Solidaria Europa RIPESS Europa &#8211; Solidarity Economy Europe es la red europea de organizaciones de la Econom\u00eda Social Solidaria (parte de la red RIPESS Intercontinental), que [&hellip;]<\/p>\n","protected":false},"author":1,"featured_media":0,"parent":0,"menu_order":0,"comment_status":"closed","ping_status":"closed","template":"","meta":{"_et_pb_use_builder":"","_et_pb_old_content":"","_et_gb_content_width":"","footnotes":""},"class_list":["post-2766","page","type-page","status-publish","hentry"],"_links":{"self":[{"href":"https:\/\/dev.eu.ripess.rio20.net\/es\/wp-json\/wp\/v2\/pages\/2766"}],"collection":[{"href":"https:\/\/dev.eu.ripess.rio20.net\/es\/wp-json\/wp\/v2\/pages"}],"about":[{"href":"https:\/\/dev.eu.ripess.rio20.net\/es\/wp-json\/wp\/v2\/types\/page"}],"author":[{"embeddable":true,"href":"https:\/\/dev.eu.ripess.rio20.net\/es\/wp-json\/wp\/v2\/users\/1"}],"replies":[{"embeddable":true,"href":"https:\/\/dev.eu.ripess.rio20.net\/es\/wp-json\/wp\/v2\/comments?post=2766"}],"version-history":[{"count":0,"href":"https:\/\/dev.eu.ripess.rio20.net\/es\/wp-json\/wp\/v2\/pages\/2766\/revisions"}],"wp:attachment":[{"href":"https:\/\/dev.eu.ripess.rio20.net\/es\/wp-json\/wp\/v2\/media?parent=2766"}],"curies":[{"name":"wp","href":"https:\/\/api.w.org\/{rel}","templated":true}]}}