{"id":26073,"date":"2021-08-24T22:19:26","date_gmt":"2021-08-24T21:19:26","guid":{"rendered":"https:\/\/ripess.eu\/actividades\/proyectos-colaborativos\/"},"modified":"2021-08-24T22:19:26","modified_gmt":"2021-08-24T21:19:26","slug":"proyectos-colaborativos","status":"publish","type":"page","link":"https:\/\/dev.eu.ripess.rio20.net\/es\/actividades\/proyectos-colaborativos\/","title":{"rendered":"Proyectos colaborativos"},"content":{"rendered":"<p>Las actividades a largo plazo se basan normalmente en proyectos financiados, que permiten la planificaci\u00f3n y el trabajo coherente compartido por los miembros de la red que participan en asociaciones de colaboraci\u00f3n, compartiendo conocimientos y experiencia.<\/p>\n<p>Los proyectos anteriores se han financiado principalmente a trav\u00e9s de programas de la Comisi\u00f3n Europea, como los de Erasmus+.\u00a0 Algunos han recibido apoyo de fundaciones privadas.<\/p>\n<p>Los nuevos proyectos pueden ser propuestos por las organizaciones miembros e incluir a las organizaciones no miembros, siempre y cuando se atengan a los principios y pr\u00e1cticas generales de la Econom\u00eda Social y Solidaria, y est\u00e9n en consonancia con las orientaciones estrat\u00e9gicas de la red.<\/p>\n","protected":false},"excerpt":{"rendered":"<p>Las actividades a largo plazo se basan normalmente en proyectos financiados, que permiten la planificaci\u00f3n y el trabajo coherente compartido por los miembros de la red que participan en asociaciones [&hellip;]<\/p>\n","protected":false},"author":4,"featured_media":0,"parent":2769,"menu_order":0,"comment_status":"closed","ping_status":"closed","template":"","meta":{"_et_pb_use_builder":"on","_et_pb_old_content":"","_et_gb_content_width":"","footnotes":""},"class_list":["post-26073","page","type-page","status-publish","hentry"],"_links":{"self":[{"href":"https:\/\/dev.eu.ripess.rio20.net\/es\/wp-json\/wp\/v2\/pages\/26073"}],"collection":[{"href":"https:\/\/dev.eu.ripess.rio20.net\/es\/wp-json\/wp\/v2\/pages"}],"about":[{"href":"https:\/\/dev.eu.ripess.rio20.net\/es\/wp-json\/wp\/v2\/types\/page"}],"author":[{"embeddable":true,"href":"https:\/\/dev.eu.ripess.rio20.net\/es\/wp-json\/wp\/v2\/users\/4"}],"replies":[{"embeddable":true,"href":"https:\/\/dev.eu.ripess.rio20.net\/es\/wp-json\/wp\/v2\/comments?post=26073"}],"version-history":[{"count":0,"href":"https:\/\/dev.eu.ripess.rio20.net\/es\/wp-json\/wp\/v2\/pages\/26073\/revisions"}],"up":[{"embeddable":true,"href":"https:\/\/dev.eu.ripess.rio20.net\/es\/wp-json\/wp\/v2\/pages\/2769"}],"wp:attachment":[{"href":"https:\/\/dev.eu.ripess.rio20.net\/es\/wp-json\/wp\/v2\/media?parent=26073"}],"curies":[{"name":"wp","href":"https:\/\/api.w.org\/{rel}","templated":true}]}}