{"id":26065,"date":"2021-08-24T12:05:52","date_gmt":"2021-08-24T11:05:52","guid":{"rendered":"https:\/\/ripess.eu\/quienes-somos\/lequipo\/"},"modified":"2022-05-18T16:37:57","modified_gmt":"2022-05-18T15:37:57","slug":"lequipo","status":"publish","type":"page","link":"https:\/\/dev.eu.ripess.rio20.net\/es\/quienes-somos\/lequipo\/","title":{"rendered":"El equipo"},"content":{"rendered":"<p>El equipo de la red est\u00e1 compuesto por :<\/p>\n<p>Jason Nardi, Delegado General<br \/>\nJuliette Bertrand, Responsable de comunicaci\u00f3n<br \/>\nFran\u00e7oise Wautiez, Documentaci\u00f3n \/ Socioeco.org<br \/>\nAndrea Rodr\u00edguez, Responsable de proyectos,<\/p>\n<p>Las siguientes personas est\u00e1n a cargo de :<\/p>\n<p>Drazen Simlesa, Coordinador general<\/p>\n<p>Josette Combes, Coordinadora de comunicaci\u00f3n<\/p>\n<p>Bruno Lasnier, Tesorero<\/p>\n<p>Sof\u00eda Pereira, Juventud y educaci\u00f3n<\/p>\n<p>Olivia Mailfert, Impacto social<\/p>\n<p>Laura Aufrere, Comit\u00e9 cient\u00edfico<\/p>\n","protected":false},"excerpt":{"rendered":"<p>El equipo de la red est\u00e1 compuesto por : Jason Nardi, Delegado General Juliette Bertrand, Responsable de comunicaci\u00f3n Fran\u00e7oise Wautiez, Documentaci\u00f3n \/ Socioeco.org Andrea Rodr\u00edguez, Responsable de proyectos, Las siguientes [&hellip;]<\/p>\n","protected":false},"author":4,"featured_media":0,"parent":2766,"menu_order":0,"comment_status":"closed","ping_status":"closed","template":"","meta":{"_et_pb_use_builder":"","_et_pb_old_content":"","_et_gb_content_width":"","footnotes":""},"class_list":["post-26065","page","type-page","status-publish","hentry"],"_links":{"self":[{"href":"https:\/\/dev.eu.ripess.rio20.net\/es\/wp-json\/wp\/v2\/pages\/26065"}],"collection":[{"href":"https:\/\/dev.eu.ripess.rio20.net\/es\/wp-json\/wp\/v2\/pages"}],"about":[{"href":"https:\/\/dev.eu.ripess.rio20.net\/es\/wp-json\/wp\/v2\/types\/page"}],"author":[{"embeddable":true,"href":"https:\/\/dev.eu.ripess.rio20.net\/es\/wp-json\/wp\/v2\/users\/4"}],"replies":[{"embeddable":true,"href":"https:\/\/dev.eu.ripess.rio20.net\/es\/wp-json\/wp\/v2\/comments?post=26065"}],"version-history":[{"count":0,"href":"https:\/\/dev.eu.ripess.rio20.net\/es\/wp-json\/wp\/v2\/pages\/26065\/revisions"}],"up":[{"embeddable":true,"href":"https:\/\/dev.eu.ripess.rio20.net\/es\/wp-json\/wp\/v2\/pages\/2766"}],"wp:attachment":[{"href":"https:\/\/dev.eu.ripess.rio20.net\/es\/wp-json\/wp\/v2\/media?parent=26065"}],"curies":[{"name":"wp","href":"https:\/\/api.w.org\/{rel}","templated":true}]}}